{"id":1407,"date":"2018-10-03T11:35:31","date_gmt":"2018-10-03T11:35:31","guid":{"rendered":"http:\/\/wp.themedemo.co\/pado\/?page_id=1407"},"modified":"2026-01-30T23:31:54","modified_gmt":"2026-01-30T23:31:54","slug":"kontakt","status":"publish","type":"page","link":"https:\/\/www.atrioliving.com\/de\/contact\/","title":{"rendered":"Kontakte"},"content":{"rendered":"<section class=\"wpb-content-wrapper\">\n    <div data-vc-full-width=\"true\" data-vc-full-width-init=\"false\" data-vc-stretch-content=\"true\" class=\"vc_row wpb_row vc_row-fluid contact-us-area neighborhood-contact-content vc_row-no-padding vc_row-o-full-height vc_row-o-columns-middle vc_row-o-equal-height vc_row-o-content-top vc_row-flex  margin-lg-0b margin-md-0b margin-sm-0b margin-xs-0b padding-lg-0b padding-md-70t padding-sm-70t padding-xs-70t\">\n        \n<div class=\"contact-us-left wpb_column vc_column_container vc_col-sm-6\">\n    <div class=\"vc_column-inner\">\n        <div class=\"wpb_wrapper\">\n                    <\/div>\n    <\/div>\n<\/div>\n<div class=\"contact-us-right wpb_column vc_column_container vc_col-sm-6\">\n    <div class=\"vc_column-inner\">\n        <div class=\"wpb_wrapper\">\n            \n\t<div class=\"wpb_text_column wpb_content_element\" >\n\t\t<div class=\"wpb_wrapper\">\n\t\t\t<h2 style=\"text-align: left;\">Jetzt im Leasing erh\u00e4ltlich<\/h2>\n<h3 style=\"text-align: left;\">Vereinbaren Sie noch heute einen Besichtigungstermin!<\/h3>\n\n\t\t<\/div>\n\t<\/div>\n\n\t<div class=\"wpb_raw_code wpb_content_element wpb_raw_html\" >\n\t\t<div class=\"wpb_wrapper\">\n\t\t\t<div id=\"knockContactForm\" style=\"height:700px;\"><\/div>\n\t\t<\/div>\n\t<\/div>\n        <\/div>\n    <\/div>\n<\/div>    <\/div>\n    <div class=\"vc_row-full-width vc_clearfix\"><\/div>\n\n<\/section>","protected":false},"excerpt":{"rendered":"Now Leasing Schedule a tour today!","protected":false},"author":13,"featured_media":0,"parent":0,"menu_order":0,"comment_status":"closed","ping_status":"closed","template":"","meta":{"_acf_changed":false,"footnotes":""},"class_list":["post-1407","page","type-page","status-publish","hentry"],"acf":[],"yoast_head":"<!-- This site is optimized with the Yoast SEO plugin v27.3 - https:\/\/yoast.com\/product\/yoast-seo-wordpress\/ -->\n<title>Apartments in Burbank, CA | Atrio | Contact Us Today<\/title>\n<meta name=\"description\" content=\"Experience the convenience of living at Atrio, steps from shopping and dining. Book a tour with our team to discover more about our Burbank, CA, apartments for rent.\" \/>\n<meta name=\"robots\" content=\"index, follow, max-snippet:-1, max-image-preview:large, max-video-preview:-1\" \/>\n<link rel=\"canonical\" href=\"https:\/\/www.atrioliving.com\/de\/kontakt\/\" \/>\n<meta property=\"og:locale\" content=\"de_DE\" \/>\n<meta property=\"og:type\" content=\"article\" \/>\n<meta property=\"og:title\" content=\"Apartments in Burbank, CA | Atrio | Contact Us Today\" \/>\n<meta property=\"og:description\" content=\"Experience the convenience of living at Atrio, steps from shopping and dining. Book a tour with our team to discover more about our Burbank, CA, apartments for rent.\" \/>\n<meta property=\"og:url\" content=\"https:\/\/www.atrioliving.com\/de\/kontakt\/\" \/>\n<meta property=\"og:site_name\" content=\"Atrio\" \/>\n<meta property=\"article:modified_time\" content=\"2026-01-30T23:31:54+00:00\" \/>\n<meta name=\"twitter:card\" content=\"summary_large_image\" \/>\n<meta name=\"twitter:label1\" content=\"Est. reading time\" \/>\n\t<meta name=\"twitter:data1\" content=\"1\u00a0Minute\" \/>\n<script type=\"application\/ld+json\" class=\"yoast-schema-graph\">{\"@context\":\"https:\\\/\\\/schema.org\",\"@graph\":[{\"@type\":\"WebPage\",\"@id\":\"https:\\\/\\\/www.atrioliving.com\\\/contact\\\/\",\"url\":\"https:\\\/\\\/www.atrioliving.com\\\/contact\\\/\",\"name\":\"Apartments in Burbank, CA | Atrio | Contact Us Today\",\"isPartOf\":{\"@id\":\"https:\\\/\\\/www.atrioliving.com\\\/#website\"},\"datePublished\":\"2018-10-03T11:35:31+00:00\",\"dateModified\":\"2026-01-30T23:31:54+00:00\",\"description\":\"Experience the convenience of living at Atrio, steps from shopping and dining. Book a tour with our team to discover more about our Burbank, CA, apartments for rent.\",\"breadcrumb\":{\"@id\":\"https:\\\/\\\/www.atrioliving.com\\\/contact\\\/#breadcrumb\"},\"inLanguage\":\"de\",\"potentialAction\":[{\"@type\":\"ReadAction\",\"target\":[\"https:\\\/\\\/www.atrioliving.com\\\/contact\\\/\"]}]},{\"@type\":\"BreadcrumbList\",\"@id\":\"https:\\\/\\\/www.atrioliving.com\\\/contact\\\/#breadcrumb\",\"itemListElement\":[{\"@type\":\"ListItem\",\"position\":1,\"name\":\"Home\",\"item\":\"https:\\\/\\\/www.atrioliving.com\\\/\"},{\"@type\":\"ListItem\",\"position\":2,\"name\":\"Contacts\"}]},{\"@type\":\"WebSite\",\"@id\":\"https:\\\/\\\/www.atrioliving.com\\\/#website\",\"url\":\"https:\\\/\\\/www.atrioliving.com\\\/\",\"name\":\"Atrio\",\"description\":\"\",\"publisher\":{\"@id\":\"https:\\\/\\\/www.atrioliving.com\\\/#organization\"},\"potentialAction\":[{\"@type\":\"SearchAction\",\"target\":{\"@type\":\"EntryPoint\",\"urlTemplate\":\"https:\\\/\\\/www.atrioliving.com\\\/?s={search_term_string}\"},\"query-input\":{\"@type\":\"PropertyValueSpecification\",\"valueRequired\":true,\"valueName\":\"search_term_string\"}}],\"inLanguage\":\"de\"},{\"@type\":\"Organization\",\"@id\":\"https:\\\/\\\/www.atrioliving.com\\\/#organization\",\"name\":\"Haven Apartments\",\"url\":\"https:\\\/\\\/www.atrioliving.com\\\/\",\"logo\":{\"@type\":\"ImageObject\",\"inLanguage\":\"de\",\"@id\":\"https:\\\/\\\/www.atrioliving.com\\\/#\\\/schema\\\/logo\\\/image\\\/\",\"url\":\"https:\\\/\\\/www.atrioliving.com\\\/wp-content\\\/uploads\\\/2021\\\/02\\\/logo-mobile.png\",\"contentUrl\":\"https:\\\/\\\/www.atrioliving.com\\\/wp-content\\\/uploads\\\/2021\\\/02\\\/logo-mobile.png\",\"width\":216,\"height\":71,\"caption\":\"Haven Apartments\"},\"image\":{\"@id\":\"https:\\\/\\\/www.atrioliving.com\\\/#\\\/schema\\\/logo\\\/image\\\/\"}}]}<\/script>\n<!-- \/ Yoast SEO plugin. -->","yoast_head_json":{"title":"Apartments in Burbank, Kalifornien | Atrio | Kontaktieren Sie uns noch heute","description":"Genie\u00dfen Sie den Komfort des Wohnens im Atrio, nur wenige Schritte von Einkaufsm\u00f6glichkeiten und Restaurants entfernt. Vereinbaren Sie einen Besichtigungstermin mit unserem Team, um mehr \u00fcber unsere Mietwohnungen in Burbank, Kalifornien, zu erfahren.","robots":{"index":"index","follow":"follow","max-snippet":"max-snippet:-1","max-image-preview":"max-image-preview:large","max-video-preview":"max-video-preview:-1"},"canonical":"https:\/\/www.atrioliving.com\/de\/kontakt\/","og_locale":"de_DE","og_type":"article","og_title":"Apartments in Burbank, CA | Atrio | Contact Us Today","og_description":"Experience the convenience of living at Atrio, steps from shopping and dining. Book a tour with our team to discover more about our Burbank, CA, apartments for rent.","og_url":"https:\/\/www.atrioliving.com\/de\/kontakt\/","og_site_name":"Atrio","article_modified_time":"2026-01-30T23:31:54+00:00","twitter_card":"summary_large_image","twitter_misc":{"Est. reading time":"1\u00a0Minute"},"schema":{"@context":"https:\/\/schema.org","@graph":[{"@type":"WebPage","@id":"https:\/\/www.atrioliving.com\/contact\/","url":"https:\/\/www.atrioliving.com\/contact\/","name":"Apartments in Burbank, Kalifornien | Atrio | Kontaktieren Sie uns noch heute","isPartOf":{"@id":"https:\/\/www.atrioliving.com\/#website"},"datePublished":"2018-10-03T11:35:31+00:00","dateModified":"2026-01-30T23:31:54+00:00","description":"Genie\u00dfen Sie den Komfort des Wohnens im Atrio, nur wenige Schritte von Einkaufsm\u00f6glichkeiten und Restaurants entfernt. Vereinbaren Sie einen Besichtigungstermin mit unserem Team, um mehr \u00fcber unsere Mietwohnungen in Burbank, Kalifornien, zu erfahren.","breadcrumb":{"@id":"https:\/\/www.atrioliving.com\/contact\/#breadcrumb"},"inLanguage":"de","potentialAction":[{"@type":"ReadAction","target":["https:\/\/www.atrioliving.com\/contact\/"]}]},{"@type":"BreadcrumbList","@id":"https:\/\/www.atrioliving.com\/contact\/#breadcrumb","itemListElement":[{"@type":"ListItem","position":1,"name":"Home","item":"https:\/\/www.atrioliving.com\/"},{"@type":"ListItem","position":2,"name":"Contacts"}]},{"@type":"WebSite","@id":"https:\/\/www.atrioliving.com\/#website","url":"https:\/\/www.atrioliving.com\/","name":"Atrio","description":"","publisher":{"@id":"https:\/\/www.atrioliving.com\/#organization"},"potentialAction":[{"@type":"SearchAction","target":{"@type":"EntryPoint","urlTemplate":"https:\/\/www.atrioliving.com\/?s={search_term_string}"},"query-input":{"@type":"PropertyValueSpecification","valueRequired":true,"valueName":"search_term_string"}}],"inLanguage":"de"},{"@type":"Organization","@id":"https:\/\/www.atrioliving.com\/#organization","name":"Haven Wohnungen","url":"https:\/\/www.atrioliving.com\/","logo":{"@type":"ImageObject","inLanguage":"de","@id":"https:\/\/www.atrioliving.com\/#\/schema\/logo\/image\/","url":"https:\/\/www.atrioliving.com\/wp-content\/uploads\/2021\/02\/logo-mobile.png","contentUrl":"https:\/\/www.atrioliving.com\/wp-content\/uploads\/2021\/02\/logo-mobile.png","width":216,"height":71,"caption":"Haven Apartments"},"image":{"@id":"https:\/\/www.atrioliving.com\/#\/schema\/logo\/image\/"}}]}},"_links":{"self":[{"href":"https:\/\/www.atrioliving.com\/de\/wp-json\/wp\/v2\/pages\/1407","targetHints":{"allow":["GET"]}}],"collection":[{"href":"https:\/\/www.atrioliving.com\/de\/wp-json\/wp\/v2\/pages"}],"about":[{"href":"https:\/\/www.atrioliving.com\/de\/wp-json\/wp\/v2\/types\/page"}],"author":[{"embeddable":true,"href":"https:\/\/www.atrioliving.com\/de\/wp-json\/wp\/v2\/users\/13"}],"replies":[{"embeddable":true,"href":"https:\/\/www.atrioliving.com\/de\/wp-json\/wp\/v2\/comments?post=1407"}],"version-history":[{"count":0,"href":"https:\/\/www.atrioliving.com\/de\/wp-json\/wp\/v2\/pages\/1407\/revisions"}],"wp:attachment":[{"href":"https:\/\/www.atrioliving.com\/de\/wp-json\/wp\/v2\/media?parent=1407"}],"curies":[{"name":"wp","href":"https:\/\/api.w.org\/{rel}","templated":true}]}}