{"id":1924,"date":"2019-05-02T11:22:44","date_gmt":"2019-05-02T11:22:44","guid":{"rendered":"https:\/\/www.atrioliving.com\/?page_id=1924"},"modified":"2026-01-30T23:30:48","modified_gmt":"2026-01-30T23:30:48","slug":"nachbarschaft","status":"publish","type":"page","link":"https:\/\/www.atrioliving.com\/de\/neighborhood\/","title":{"rendered":"Nachbarschaft"},"content":{"rendered":"<section class=\"wpb-content-wrapper\"><div class=\"vc_row wpb_row vc_row-fluid\">\n        \n<div class=\"wpb_column vc_column_container vc_col-sm-12\">\n    <div class=\"vc_column-inner\">\n        <div class=\"wpb_wrapper\">\n            \n\t<div  class=\"wpb_single_image wpb_content_element vc_align_left   banner_img_section\">\n\t\t\n\t\t<figure class=\"wpb_wrapper vc_figure\">\n\t\t\t<div class=\"vc_single_image-wrapper   vc_box_border_grey\"><img loading=\"lazy\" decoding=\"async\" width=\"2121\" height=\"1414\" src=\"https:\/\/www.atrioliving.com\/wp-content\/uploads\/2022\/07\/Neighberhood.jpg\" class=\"vc_single_image-img attachment-full\" alt=\"\" title=\"Symbol von Warner Bros. Entertainment, Inc.\" srcset=\"https:\/\/www.atrioliving.com\/wp-content\/uploads\/2022\/07\/Neighberhood.jpg 2121w, https:\/\/www.atrioliving.com\/wp-content\/uploads\/2022\/07\/Neighberhood-300x200.jpg 300w, https:\/\/www.atrioliving.com\/wp-content\/uploads\/2022\/07\/Neighberhood-1024x683.jpg 1024w, https:\/\/www.atrioliving.com\/wp-content\/uploads\/2022\/07\/Neighberhood-768x512.jpg 768w, https:\/\/www.atrioliving.com\/wp-content\/uploads\/2022\/07\/Neighberhood-1536x1024.jpg 1536w, https:\/\/www.atrioliving.com\/wp-content\/uploads\/2022\/07\/Neighberhood-2048x1365.jpg 2048w, https:\/\/www.atrioliving.com\/wp-content\/uploads\/2022\/07\/Neighberhood-500x333.jpg 500w\" sizes=\"auto, (max-width: 2121px) 100vw, 2121px\" \/><\/div>\n\t\t<\/figure>\n\t<\/div>\n        <\/div>\n    <\/div>\n<\/div>    <\/div>\n\n    <div class=\"vc_row wpb_row vc_row-fluid neighborhood-content\">\n        \n<div class=\"wpb_column vc_column_container vc_col-sm-12\">\n    <div class=\"vc_column-inner\">\n        <div class=\"wpb_wrapper\">\n            \n\t<div class=\"wpb_text_column wpb_content_element\" >\n\t\t<div class=\"wpb_wrapper\">\n\t\t\t<h1 class=\"heading_new_style\">Von Bauernh\u00f6fen bis hin zu fabelhaften<\/h1>\n<p class=\"heading_para\">Burbank entstand inmitten der einstigen landwirtschaftlichen Weiden des Tals und verdankt seinen Ursprung einer florierenden Innovationskraft. Auch heute noch besticht der Stadtteil durch seinen entspannten Charme, der durch die pulsierende Energie der Hollywood-Studios noch sp\u00fcrbar ist. Atrio liegt nahe dem Nordwesten von Los Angeles und bietet bequemen Zugang zu beliebten Ausflugszielen wie dem Griffith Park, dem Los Angeles Zoo und dem Travel Town Museum. Die kreativen Zentren der Warner Bros. Studios und von NBCUniversal sind nur wenige Minuten entfernt. Atrio befindet sich in unmittelbarer N\u00e4he zu einigen der besten Restaurants, Einkaufsm\u00f6glichkeiten und Unterhaltungsangebote von ganz Los Angeles. Von der Westside \u00fcber Downtown bis hin zum Americana at Brand \u2013 unsere Mietwohnungen in Burbank, Kalifornien, sind optimal an alles angebunden, was LA zu bieten hat. Vereinbaren Sie noch heute einen Besichtigungstermin und erleben Sie die lebendige Atmosph\u00e4re von Atrio.<\/p>\n\n\t\t<\/div>\n\t<\/div>\n        <\/div>\n    <\/div>\n<\/div>    <\/div>\n<\/section>","protected":false},"excerpt":{"rendered":"From farms to fabulous Burbank was built on a boom of innovation in the pastures of the Valley\u2019s agricultural past. Today, it still has that relaxed charm with the buzz of Hollywood\u2019s studios coursing through it. Nestled near the Northwest District of Los Angeles, Atrio offers easy access to local favorites like Griffith Park, the ...","protected":false},"author":13,"featured_media":0,"parent":0,"menu_order":0,"comment_status":"closed","ping_status":"closed","template":"template-neighbor.php","meta":{"_acf_changed":false,"footnotes":""},"class_list":["post-1924","page","type-page","status-publish","hentry"],"acf":[],"yoast_head":"<!-- This site is optimized with the Yoast SEO plugin v27.5 - https:\/\/yoast.com\/product\/yoast-seo-wordpress\/ -->\n<title>Apartments for Rent in Burbank, CA | Atrio | Neighborhood<\/title>\n<meta name=\"description\" content=\"Live at Atrio, with modern apartments for rent in Burbank, CA, near Magnolia Park, close to dining, shopping, and everyday conveniences. Explore the neighborhood.\" \/>\n<meta name=\"robots\" content=\"index, follow, max-snippet:-1, max-image-preview:large, max-video-preview:-1\" \/>\n<link rel=\"canonical\" href=\"https:\/\/www.atrioliving.com\/de\/nachbarschaft\/\" \/>\n<meta property=\"og:locale\" content=\"de_DE\" \/>\n<meta property=\"og:type\" content=\"article\" \/>\n<meta property=\"og:title\" content=\"Apartments for Rent in Burbank, CA | Atrio | Neighborhood\" \/>\n<meta property=\"og:description\" content=\"Live at Atrio, with modern apartments for rent in Burbank, CA, near Magnolia Park, close to dining, shopping, and everyday conveniences. Explore the neighborhood.\" \/>\n<meta property=\"og:url\" content=\"https:\/\/www.atrioliving.com\/de\/nachbarschaft\/\" \/>\n<meta property=\"og:site_name\" content=\"Atrio\" \/>\n<meta property=\"article:modified_time\" content=\"2026-01-30T23:30:48+00:00\" \/>\n<meta name=\"twitter:card\" content=\"summary_large_image\" \/>\n<meta name=\"twitter:label1\" content=\"Est. reading time\" \/>\n\t<meta name=\"twitter:data1\" content=\"1\u00a0Minute\" \/>\n<script type=\"application\/ld+json\" class=\"yoast-schema-graph\">{\"@context\":\"https:\\\/\\\/schema.org\",\"@graph\":[{\"@type\":\"WebPage\",\"@id\":\"https:\\\/\\\/www.atrioliving.com\\\/neighborhood\\\/\",\"url\":\"https:\\\/\\\/www.atrioliving.com\\\/neighborhood\\\/\",\"name\":\"Apartments for Rent in Burbank, CA | Atrio | Neighborhood\",\"isPartOf\":{\"@id\":\"https:\\\/\\\/www.atrioliving.com\\\/#website\"},\"datePublished\":\"2019-05-02T11:22:44+00:00\",\"dateModified\":\"2026-01-30T23:30:48+00:00\",\"description\":\"Live at Atrio, with modern apartments for rent in Burbank, CA, near Magnolia Park, close to dining, shopping, and everyday conveniences. Explore the neighborhood.\",\"breadcrumb\":{\"@id\":\"https:\\\/\\\/www.atrioliving.com\\\/neighborhood\\\/#breadcrumb\"},\"inLanguage\":\"de\",\"potentialAction\":[{\"@type\":\"ReadAction\",\"target\":[\"https:\\\/\\\/www.atrioliving.com\\\/neighborhood\\\/\"]}]},{\"@type\":\"BreadcrumbList\",\"@id\":\"https:\\\/\\\/www.atrioliving.com\\\/neighborhood\\\/#breadcrumb\",\"itemListElement\":[{\"@type\":\"ListItem\",\"position\":1,\"name\":\"Home\",\"item\":\"https:\\\/\\\/www.atrioliving.com\\\/\"},{\"@type\":\"ListItem\",\"position\":2,\"name\":\"Neighborhood\"}]},{\"@type\":\"WebSite\",\"@id\":\"https:\\\/\\\/www.atrioliving.com\\\/#website\",\"url\":\"https:\\\/\\\/www.atrioliving.com\\\/\",\"name\":\"Atrio\",\"description\":\"\",\"publisher\":{\"@id\":\"https:\\\/\\\/www.atrioliving.com\\\/#organization\"},\"potentialAction\":[{\"@type\":\"SearchAction\",\"target\":{\"@type\":\"EntryPoint\",\"urlTemplate\":\"https:\\\/\\\/www.atrioliving.com\\\/?s={search_term_string}\"},\"query-input\":{\"@type\":\"PropertyValueSpecification\",\"valueRequired\":true,\"valueName\":\"search_term_string\"}}],\"inLanguage\":\"de\"},{\"@type\":\"Organization\",\"@id\":\"https:\\\/\\\/www.atrioliving.com\\\/#organization\",\"name\":\"Haven Apartments\",\"url\":\"https:\\\/\\\/www.atrioliving.com\\\/\",\"logo\":{\"@type\":\"ImageObject\",\"inLanguage\":\"de\",\"@id\":\"https:\\\/\\\/www.atrioliving.com\\\/#\\\/schema\\\/logo\\\/image\\\/\",\"url\":\"https:\\\/\\\/www.atrioliving.com\\\/wp-content\\\/uploads\\\/2021\\\/02\\\/logo-mobile.png\",\"contentUrl\":\"https:\\\/\\\/www.atrioliving.com\\\/wp-content\\\/uploads\\\/2021\\\/02\\\/logo-mobile.png\",\"width\":216,\"height\":71,\"caption\":\"Haven Apartments\"},\"image\":{\"@id\":\"https:\\\/\\\/www.atrioliving.com\\\/#\\\/schema\\\/logo\\\/image\\\/\"}}]}<\/script>\n<!-- \/ Yoast SEO plugin. -->","yoast_head_json":{"title":"Wohnungen zur Miete in Burbank, Kalifornien | Atrio | Nachbarschaft","description":"Wohnen Sie im Atrio, einem modernen Apartmentkomplex zur Miete in Burbank, Kalifornien, in der N\u00e4he des Magnolia Parks und unweit von Restaurants, Einkaufsm\u00f6glichkeiten und allem, was Sie f\u00fcr den t\u00e4glichen Bedarf ben\u00f6tigen. Entdecken Sie die Umgebung.","robots":{"index":"index","follow":"follow","max-snippet":"max-snippet:-1","max-image-preview":"max-image-preview:large","max-video-preview":"max-video-preview:-1"},"canonical":"https:\/\/www.atrioliving.com\/de\/nachbarschaft\/","og_locale":"de_DE","og_type":"article","og_title":"Apartments for Rent in Burbank, CA | Atrio | Neighborhood","og_description":"Live at Atrio, with modern apartments for rent in Burbank, CA, near Magnolia Park, close to dining, shopping, and everyday conveniences. Explore the neighborhood.","og_url":"https:\/\/www.atrioliving.com\/de\/nachbarschaft\/","og_site_name":"Atrio","article_modified_time":"2026-01-30T23:30:48+00:00","twitter_card":"summary_large_image","twitter_misc":{"Est. reading time":"1\u00a0Minute"},"schema":{"@context":"https:\/\/schema.org","@graph":[{"@type":"WebPage","@id":"https:\/\/www.atrioliving.com\/neighborhood\/","url":"https:\/\/www.atrioliving.com\/neighborhood\/","name":"Wohnungen zur Miete in Burbank, Kalifornien | Atrio | Nachbarschaft","isPartOf":{"@id":"https:\/\/www.atrioliving.com\/#website"},"datePublished":"2019-05-02T11:22:44+00:00","dateModified":"2026-01-30T23:30:48+00:00","description":"Wohnen Sie im Atrio, einem modernen Apartmentkomplex zur Miete in Burbank, Kalifornien, in der N\u00e4he des Magnolia Parks und unweit von Restaurants, Einkaufsm\u00f6glichkeiten und allem, was Sie f\u00fcr den t\u00e4glichen Bedarf ben\u00f6tigen. Entdecken Sie die Umgebung.","breadcrumb":{"@id":"https:\/\/www.atrioliving.com\/neighborhood\/#breadcrumb"},"inLanguage":"de","potentialAction":[{"@type":"ReadAction","target":["https:\/\/www.atrioliving.com\/neighborhood\/"]}]},{"@type":"BreadcrumbList","@id":"https:\/\/www.atrioliving.com\/neighborhood\/#breadcrumb","itemListElement":[{"@type":"ListItem","position":1,"name":"Home","item":"https:\/\/www.atrioliving.com\/"},{"@type":"ListItem","position":2,"name":"Neighborhood"}]},{"@type":"WebSite","@id":"https:\/\/www.atrioliving.com\/#website","url":"https:\/\/www.atrioliving.com\/","name":"Atrio","description":"","publisher":{"@id":"https:\/\/www.atrioliving.com\/#organization"},"potentialAction":[{"@type":"SearchAction","target":{"@type":"EntryPoint","urlTemplate":"https:\/\/www.atrioliving.com\/?s={search_term_string}"},"query-input":{"@type":"PropertyValueSpecification","valueRequired":true,"valueName":"search_term_string"}}],"inLanguage":"de"},{"@type":"Organization","@id":"https:\/\/www.atrioliving.com\/#organization","name":"Haven Wohnungen","url":"https:\/\/www.atrioliving.com\/","logo":{"@type":"ImageObject","inLanguage":"de","@id":"https:\/\/www.atrioliving.com\/#\/schema\/logo\/image\/","url":"https:\/\/www.atrioliving.com\/wp-content\/uploads\/2021\/02\/logo-mobile.png","contentUrl":"https:\/\/www.atrioliving.com\/wp-content\/uploads\/2021\/02\/logo-mobile.png","width":216,"height":71,"caption":"Haven Apartments"},"image":{"@id":"https:\/\/www.atrioliving.com\/#\/schema\/logo\/image\/"}}]}},"_links":{"self":[{"href":"https:\/\/www.atrioliving.com\/de\/wp-json\/wp\/v2\/pages\/1924","targetHints":{"allow":["GET"]}}],"collection":[{"href":"https:\/\/www.atrioliving.com\/de\/wp-json\/wp\/v2\/pages"}],"about":[{"href":"https:\/\/www.atrioliving.com\/de\/wp-json\/wp\/v2\/types\/page"}],"author":[{"embeddable":true,"href":"https:\/\/www.atrioliving.com\/de\/wp-json\/wp\/v2\/users\/13"}],"replies":[{"embeddable":true,"href":"https:\/\/www.atrioliving.com\/de\/wp-json\/wp\/v2\/comments?post=1924"}],"version-history":[{"count":0,"href":"https:\/\/www.atrioliving.com\/de\/wp-json\/wp\/v2\/pages\/1924\/revisions"}],"wp:attachment":[{"href":"https:\/\/www.atrioliving.com\/de\/wp-json\/wp\/v2\/media?parent=1924"}],"curies":[{"name":"wp","href":"https:\/\/api.w.org\/{rel}","templated":true}]}}