{"id":2250,"date":"2019-11-19T09:36:47","date_gmt":"2019-11-19T09:36:47","guid":{"rendered":"https:\/\/www.atrioliving.com\/?page_id=2250"},"modified":"2026-01-30T23:28:12","modified_gmt":"2026-01-30T23:28:12","slug":"galerie","status":"publish","type":"page","link":"https:\/\/www.atrioliving.com\/de\/gallery\/","title":{"rendered":"Galerie"},"content":{"rendered":"<section class=\"wpb-content-wrapper\"><div class=\"vc_row wpb_row vc_row-fluid gallery-top-section\">\n        \n<div class=\"wpb_column vc_column_container vc_col-sm-12\">\n    <div class=\"vc_column-inner\">\n        <div class=\"wpb_wrapper\">\n                    <\/div>\n    <\/div>\n<\/div>    <\/div>\n\n    <div data-vc-full-width=\"true\" data-vc-full-width-init=\"false\" data-vc-stretch-content=\"true\" class=\"vc_row wpb_row vc_row-fluid gallery-top-layer gallery-top-layer-new vc_row-no-padding  padding-lg-155t padding-sm-160t padding-xs-200t\">\n        \n<div class=\"wpb_column vc_column_container vc_col-sm-6\">\n    <div class=\"vc_column-inner\">\n        <div class=\"wpb_wrapper\">\n            \n\t<div class=\"wpb_text_column wpb_content_element  gallery-contact-us-txt\" >\n\t\t<div class=\"wpb_wrapper\">\n\t\t\t<div class=\"this_is_place_section\">\n<p style=\"text-align: left;\"><em>Dies ist ein Ort von<br \/>\nVerbindung und Absicht.<\/em><br \/>\n<strong>Schauen Sie sich diese Bilder an und entdecken Sie die wundersch\u00f6nen, renovierten Innenr\u00e4ume unserer Mietwohnungen in Burbank, Kalifornien. Unsere einladende Ausstattung und die gro\u00dfz\u00fcgigen Grundrisse sind nur einige der Gr\u00fcnde, warum Atrio f\u00fcnf Jahre in Folge mit dem \u201eBest of Burbank\u201c-Award ausgezeichnet wurde.<\/strong><\/p>\n<\/div>\n\n\t\t<\/div>\n\t<\/div>\n        <\/div>\n    <\/div>\n<\/div>\n<div class=\"wpb_column vc_column_container vc_col-sm-6\">\n    <div class=\"vc_column-inner\">\n        <div class=\"wpb_wrapper\">\n            \n\t<div class=\"wpb_text_column wpb_content_element\" >\n\t\t<div class=\"wpb_wrapper\">\n\t\t\t<div class=\"right_side_btn_sec\">\n<p><span class=\"label_btn_gallery\">Machen Sie eine virtuelle Tour<\/span><\/p>\n<div class=\"button_section\"><a class=\"btn1\" href=\"https:\/\/my.matterport.com\/show\/?m=NHGjCL5KqPL\">1 Schlafzimmer<\/a><a class=\"btn2\" href=\"https:\/\/my.matterport.com\/show\/?m=K6RaaphLN68\">2 Schlafzimmer<\/a><\/div>\n<\/div>\n\n\t\t<\/div>\n\t<\/div>\n        <\/div>\n    <\/div>\n<\/div>    <\/div>\n    <div class=\"vc_row-full-width vc_clearfix\"><\/div>\n\n    <div class=\"vc_row wpb_row vc_row-fluid\">\n        \n<div class=\"wpb_column vc_column_container vc_col-sm-12\">\n    <div class=\"vc_column-inner\">\n        <div class=\"wpb_wrapper\">\n            <div class=\"vc_empty_space\"   style=\"height: 60px\"><span class=\"vc_empty_space_inner\"><\/span><\/div>        <\/div>\n    <\/div>\n<\/div>    <\/div>\n<\/section>","protected":false},"excerpt":{"rendered":"This is a place of connection and intention. Browse through these images and see the beautiful, refreshed interiors of our apartments for rent in Burbank, CA. Our inviting amenities and spacious floor plans are some of the reasons Atrio was voted the Best of Burbank award for five consecutive years. Take a virtual tour 1 ...","protected":false},"author":13,"featured_media":0,"parent":0,"menu_order":0,"comment_status":"closed","ping_status":"closed","template":"template-gallery.php","meta":{"_acf_changed":false,"footnotes":""},"class_list":["post-2250","page","type-page","status-publish","hentry"],"acf":[],"yoast_head":"<!-- This site is optimized with the Yoast SEO plugin v27.3 - https:\/\/yoast.com\/product\/yoast-seo-wordpress\/ -->\n<title>Burbank, CA Apartments with In-Unit Washer and Dryer | Atrio<\/title>\n<meta name=\"description\" content=\"Experience life at Atrio, featuring pet-friendly apartments in Burbank, CA, with a resort-style pool and a modern fitness center. Browse the gallery to see more.\" \/>\n<meta name=\"robots\" content=\"index, follow, max-snippet:-1, max-image-preview:large, max-video-preview:-1\" \/>\n<link rel=\"canonical\" href=\"https:\/\/www.atrioliving.com\/de\/galerie\/\" \/>\n<meta property=\"og:locale\" content=\"de_DE\" \/>\n<meta property=\"og:type\" content=\"article\" \/>\n<meta property=\"og:title\" content=\"Burbank, CA Apartments with In-Unit Washer and Dryer | Atrio\" \/>\n<meta property=\"og:description\" content=\"Experience life at Atrio, featuring pet-friendly apartments in Burbank, CA, with a resort-style pool and a modern fitness center. Browse the gallery to see more.\" \/>\n<meta property=\"og:url\" content=\"https:\/\/www.atrioliving.com\/de\/galerie\/\" \/>\n<meta property=\"og:site_name\" content=\"Atrio\" \/>\n<meta property=\"article:modified_time\" content=\"2026-01-30T23:28:12+00:00\" \/>\n<meta name=\"twitter:card\" content=\"summary_large_image\" \/>\n<meta name=\"twitter:label1\" content=\"Est. reading time\" \/>\n\t<meta name=\"twitter:data1\" content=\"1\u00a0Minute\" \/>\n<script type=\"application\/ld+json\" class=\"yoast-schema-graph\">{\"@context\":\"https:\\\/\\\/schema.org\",\"@graph\":[{\"@type\":\"WebPage\",\"@id\":\"https:\\\/\\\/www.atrioliving.com\\\/gallery\\\/\",\"url\":\"https:\\\/\\\/www.atrioliving.com\\\/gallery\\\/\",\"name\":\"Burbank, CA Apartments with In-Unit Washer and Dryer | Atrio\",\"isPartOf\":{\"@id\":\"https:\\\/\\\/www.atrioliving.com\\\/#website\"},\"datePublished\":\"2019-11-19T09:36:47+00:00\",\"dateModified\":\"2026-01-30T23:28:12+00:00\",\"description\":\"Experience life at Atrio, featuring pet-friendly apartments in Burbank, CA, with a resort-style pool and a modern fitness center. Browse the gallery to see more.\",\"breadcrumb\":{\"@id\":\"https:\\\/\\\/www.atrioliving.com\\\/gallery\\\/#breadcrumb\"},\"inLanguage\":\"de\",\"potentialAction\":[{\"@type\":\"ReadAction\",\"target\":[\"https:\\\/\\\/www.atrioliving.com\\\/gallery\\\/\"]}]},{\"@type\":\"BreadcrumbList\",\"@id\":\"https:\\\/\\\/www.atrioliving.com\\\/gallery\\\/#breadcrumb\",\"itemListElement\":[{\"@type\":\"ListItem\",\"position\":1,\"name\":\"Home\",\"item\":\"https:\\\/\\\/www.atrioliving.com\\\/\"},{\"@type\":\"ListItem\",\"position\":2,\"name\":\"Gallery\"}]},{\"@type\":\"WebSite\",\"@id\":\"https:\\\/\\\/www.atrioliving.com\\\/#website\",\"url\":\"https:\\\/\\\/www.atrioliving.com\\\/\",\"name\":\"Atrio\",\"description\":\"\",\"publisher\":{\"@id\":\"https:\\\/\\\/www.atrioliving.com\\\/#organization\"},\"potentialAction\":[{\"@type\":\"SearchAction\",\"target\":{\"@type\":\"EntryPoint\",\"urlTemplate\":\"https:\\\/\\\/www.atrioliving.com\\\/?s={search_term_string}\"},\"query-input\":{\"@type\":\"PropertyValueSpecification\",\"valueRequired\":true,\"valueName\":\"search_term_string\"}}],\"inLanguage\":\"de\"},{\"@type\":\"Organization\",\"@id\":\"https:\\\/\\\/www.atrioliving.com\\\/#organization\",\"name\":\"Haven Apartments\",\"url\":\"https:\\\/\\\/www.atrioliving.com\\\/\",\"logo\":{\"@type\":\"ImageObject\",\"inLanguage\":\"de\",\"@id\":\"https:\\\/\\\/www.atrioliving.com\\\/#\\\/schema\\\/logo\\\/image\\\/\",\"url\":\"https:\\\/\\\/www.atrioliving.com\\\/wp-content\\\/uploads\\\/2021\\\/02\\\/logo-mobile.png\",\"contentUrl\":\"https:\\\/\\\/www.atrioliving.com\\\/wp-content\\\/uploads\\\/2021\\\/02\\\/logo-mobile.png\",\"width\":216,\"height\":71,\"caption\":\"Haven Apartments\"},\"image\":{\"@id\":\"https:\\\/\\\/www.atrioliving.com\\\/#\\\/schema\\\/logo\\\/image\\\/\"}}]}<\/script>\n<!-- \/ Yoast SEO plugin. -->","yoast_head_json":{"title":"Apartments in Burbank, Kalifornien mit Waschmaschine und Trockner in der Wohnung | Atrio","description":"Erleben Sie das Leben im Atrio \u2013 haustierfreundliche Apartments in Burbank, Kalifornien, mit einem Pool im Resort-Stil und einem modernen Fitnesscenter. In der Galerie finden Sie weitere Informationen.","robots":{"index":"index","follow":"follow","max-snippet":"max-snippet:-1","max-image-preview":"max-image-preview:large","max-video-preview":"max-video-preview:-1"},"canonical":"https:\/\/www.atrioliving.com\/de\/galerie\/","og_locale":"de_DE","og_type":"article","og_title":"Burbank, CA Apartments with In-Unit Washer and Dryer | Atrio","og_description":"Experience life at Atrio, featuring pet-friendly apartments in Burbank, CA, with a resort-style pool and a modern fitness center. Browse the gallery to see more.","og_url":"https:\/\/www.atrioliving.com\/de\/galerie\/","og_site_name":"Atrio","article_modified_time":"2026-01-30T23:28:12+00:00","twitter_card":"summary_large_image","twitter_misc":{"Est. reading time":"1\u00a0Minute"},"schema":{"@context":"https:\/\/schema.org","@graph":[{"@type":"WebPage","@id":"https:\/\/www.atrioliving.com\/gallery\/","url":"https:\/\/www.atrioliving.com\/gallery\/","name":"Apartments in Burbank, Kalifornien mit Waschmaschine und Trockner in der Wohnung | Atrio","isPartOf":{"@id":"https:\/\/www.atrioliving.com\/#website"},"datePublished":"2019-11-19T09:36:47+00:00","dateModified":"2026-01-30T23:28:12+00:00","description":"Erleben Sie das Leben im Atrio \u2013 haustierfreundliche Apartments in Burbank, Kalifornien, mit einem Pool im Resort-Stil und einem modernen Fitnesscenter. In der Galerie finden Sie weitere Informationen.","breadcrumb":{"@id":"https:\/\/www.atrioliving.com\/gallery\/#breadcrumb"},"inLanguage":"de","potentialAction":[{"@type":"ReadAction","target":["https:\/\/www.atrioliving.com\/gallery\/"]}]},{"@type":"BreadcrumbList","@id":"https:\/\/www.atrioliving.com\/gallery\/#breadcrumb","itemListElement":[{"@type":"ListItem","position":1,"name":"Home","item":"https:\/\/www.atrioliving.com\/"},{"@type":"ListItem","position":2,"name":"Gallery"}]},{"@type":"WebSite","@id":"https:\/\/www.atrioliving.com\/#website","url":"https:\/\/www.atrioliving.com\/","name":"Atrio","description":"","publisher":{"@id":"https:\/\/www.atrioliving.com\/#organization"},"potentialAction":[{"@type":"SearchAction","target":{"@type":"EntryPoint","urlTemplate":"https:\/\/www.atrioliving.com\/?s={search_term_string}"},"query-input":{"@type":"PropertyValueSpecification","valueRequired":true,"valueName":"search_term_string"}}],"inLanguage":"de"},{"@type":"Organization","@id":"https:\/\/www.atrioliving.com\/#organization","name":"Haven Wohnungen","url":"https:\/\/www.atrioliving.com\/","logo":{"@type":"ImageObject","inLanguage":"de","@id":"https:\/\/www.atrioliving.com\/#\/schema\/logo\/image\/","url":"https:\/\/www.atrioliving.com\/wp-content\/uploads\/2021\/02\/logo-mobile.png","contentUrl":"https:\/\/www.atrioliving.com\/wp-content\/uploads\/2021\/02\/logo-mobile.png","width":216,"height":71,"caption":"Haven Apartments"},"image":{"@id":"https:\/\/www.atrioliving.com\/#\/schema\/logo\/image\/"}}]}},"_links":{"self":[{"href":"https:\/\/www.atrioliving.com\/de\/wp-json\/wp\/v2\/pages\/2250","targetHints":{"allow":["GET"]}}],"collection":[{"href":"https:\/\/www.atrioliving.com\/de\/wp-json\/wp\/v2\/pages"}],"about":[{"href":"https:\/\/www.atrioliving.com\/de\/wp-json\/wp\/v2\/types\/page"}],"author":[{"embeddable":true,"href":"https:\/\/www.atrioliving.com\/de\/wp-json\/wp\/v2\/users\/13"}],"replies":[{"embeddable":true,"href":"https:\/\/www.atrioliving.com\/de\/wp-json\/wp\/v2\/comments?post=2250"}],"version-history":[{"count":0,"href":"https:\/\/www.atrioliving.com\/de\/wp-json\/wp\/v2\/pages\/2250\/revisions"}],"wp:attachment":[{"href":"https:\/\/www.atrioliving.com\/de\/wp-json\/wp\/v2\/media?parent=2250"}],"curies":[{"name":"wp","href":"https:\/\/api.w.org\/{rel}","templated":true}]}}