{"id":3306,"date":"2024-01-10T16:15:45","date_gmt":"2024-01-10T16:15:45","guid":{"rendered":"https:\/\/www.atrioliving.com\/?page_id=3306"},"modified":"2024-01-10T16:21:24","modified_gmt":"2024-01-10T16:21:24","slug":"die-besten-luxusapartments-in-burbank-kalifornien","status":"publish","type":"page","link":"https:\/\/www.atrioliving.com\/de\/best-luxury-apartments-in-burbank-ca\/","title":{"rendered":"Gestalten Sie Ihren Lifestyle in den besten Luxusapartments in Burbank, Kalifornien"},"content":{"rendered":"<p><span style=\"font-weight: 400;\"><img loading=\"lazy\" decoding=\"async\" class=\"aligncenter size-full wp-image-3307\" src=\"https:\/\/www.atrioliving.com\/wp-content\/uploads\/2024\/01\/Screenshot-2024-01-10-at-11.02.23-AM.png\" alt=\"Wohnzimmer | Atrio\" width=\"2168\" height=\"1410\" srcset=\"https:\/\/www.atrioliving.com\/wp-content\/uploads\/2024\/01\/Screenshot-2024-01-10-at-11.02.23-AM.png 2168w, https:\/\/www.atrioliving.com\/wp-content\/uploads\/2024\/01\/Screenshot-2024-01-10-at-11.02.23-AM-300x195.png 300w, https:\/\/www.atrioliving.com\/wp-content\/uploads\/2024\/01\/Screenshot-2024-01-10-at-11.02.23-AM-1024x666.png 1024w, https:\/\/www.atrioliving.com\/wp-content\/uploads\/2024\/01\/Screenshot-2024-01-10-at-11.02.23-AM-768x499.png 768w, https:\/\/www.atrioliving.com\/wp-content\/uploads\/2024\/01\/Screenshot-2024-01-10-at-11.02.23-AM-1536x999.png 1536w, https:\/\/www.atrioliving.com\/wp-content\/uploads\/2024\/01\/Screenshot-2024-01-10-at-11.02.23-AM-2048x1332.png 2048w, https:\/\/www.atrioliving.com\/wp-content\/uploads\/2024\/01\/Screenshot-2024-01-10-at-11.02.23-AM-500x325.png 500w\" sizes=\"auto, (max-width: 2168px) 100vw, 2168px\" \/>Suchen Sie die besten Luxusapartments in Burbank, Kalifornien? Dann sind Sie hier genau richtig! <\/span><a href=\"https:\/\/www.atrioliving.com\/de\/\"><b>Atrio Burbank Apartments<\/b><\/a><span style=\"font-weight: 400;\">Unsere Wohnanlage bietet Ihnen einen stilvollen und komfortablen Lebensstil, den Sie nirgendwo sonst finden. Eingebettet in ein lebendiges Viertel, haben Sie erstklassige Restaurants, Einkaufsm\u00f6glichkeiten und Unterhaltungsangebote direkt vor der Haust\u00fcr. Unsere modernen Grundrisse mit ein, zwei, drei und vier Schlafzimmern bestechen durch ein elegantes, modernes Design. Und mit erstklassigen Annehmlichkeiten wie modernsten Ger\u00e4ten und einem hauseigenen Fitness- und Wellnesscenter bieten wir Ihnen alles, was Sie f\u00fcr ein optimales Leben ben\u00f6tigen. Erleben Sie jetzt luxuri\u00f6ses Wohnen! <\/span><a href=\"https:\/\/www.atrioliving.com\/de\/\"><b>Besuchen Sie uns noch heute!<\/b><\/a><span style=\"font-weight: 400;\">!<\/span><\/p>\n<p>&nbsp;<\/p>\n<p><b>Praktische Grundrisse mit edler Ausstattung<\/b><\/p>\n<p><span style=\"font-weight: 400;\">Durchdachte Raumaufteilung und modernste Ausstattung pr\u00e4gen jedes Zimmer Ihrer Wohnung. Wir haben unsere offenen Wohnbereiche renoviert. <\/span><a href=\"https:\/\/www.atrioliving.com\/de\/grundriss\/\"><b>Grundrisse<\/b><\/a><span style=\"font-weight: 400;\"> mit:\u00a0<\/span><\/p>\n<p>&nbsp;<\/p>\n<ul>\n<li style=\"font-weight: 400;\" aria-level=\"1\"><span style=\"font-weight: 400;\">Moderne Haushaltsger\u00e4te<\/span><\/li>\n<li style=\"font-weight: 400;\" aria-level=\"1\"><span style=\"font-weight: 400;\">Luxuri\u00f6se Holzimitat-Dielenb\u00f6den<\/span><\/li>\n<li style=\"font-weight: 400;\" aria-level=\"1\"><span style=\"font-weight: 400;\">Waschmaschine und Trockner in voller Gr\u00f6\u00dfe in der Wohnung<\/span><\/li>\n<li style=\"font-weight: 400;\" aria-level=\"1\"><span style=\"font-weight: 400;\">Private Terrasse oder Balkon<\/span><\/li>\n<\/ul>\n<p>&nbsp;<\/p>\n<p><b>Entdecken Sie Ihre innere Ruhe in den Atrio Burbank Apartments<\/b><\/p>\n<p><span style=\"font-weight: 400;\">Als Spiegelbild Ihres Lebensstils und Ihrer Pers\u00f6nlichkeit sind wir auf Folgendes ausgerichtet: <\/span><a href=\"https:\/\/www.atrioliving.com\/de\/nachbarschaft\/\"><b>Gemeinschaft, in der Komfort und Aufregung sich vereinen<\/b><\/a><span style=\"font-weight: 400;\">. Hier erwartet Sie ein perfektes Viertel mit allem, was Sie brauchen: Restaurants, Unterhaltung und Entspannung. Au\u00dferdem sind wir nur wenige Minuten von der Innenstadt und dem American at Brand entfernt.\u00a0\u00a0<\/span><\/p>\n<p>&nbsp;<\/p>\n<p><span style=\"font-weight: 400;\">Unsere moderne Oase bietet Ihnen dringend ben\u00f6tigte <\/span><a href=\"https:\/\/www.atrioliving.com\/de\/annehmlichkeiten\/\"><b>Annehmlichkeiten f\u00fcr ein unvergleichliches Wohnerlebnis<\/b><\/a><span style=\"font-weight: 400;\">. Nutzen Sie die vielf\u00e4ltigen M\u00f6glichkeiten zur Entspannung von K\u00f6rper, Geist und Seele, wie den weitl\u00e4ufigen Pool und Spa-Bereich im Resort-Stil, das Fitness- und Wellnesscenter sowie die Feuerstelle und Lounge im Freien. F\u00fcr Abwechslung und Entspannung sorgen au\u00dferdem die Outdoor-Lounge, das hauseigene Kino, die Showk\u00fcche und der Spielgarten mit Bocciabahn! <a href=\"https:\/\/www.atrioliving.com\/de\/\">Vereinbaren Sie einen Besichtigungstermin!\u00a0<\/a><\/span><\/p>\n<p>&nbsp;<\/p>\n<p><span style=\"font-weight: 400;\">Wir m\u00f6chten das Leben in unserer Gemeinschaft au\u00dferdem so einfach wie m\u00f6glich gestalten mit:<\/span><\/p>\n<p>&nbsp;<\/p>\n<ul>\n<li style=\"font-weight: 400;\" aria-level=\"1\"><span style=\"font-weight: 400;\">Vor-Ort-Management<\/span><\/li>\n<li style=\"font-weight: 400;\" aria-level=\"1\"><span style=\"font-weight: 400;\">Paketzustellung bis an Ihre Haust\u00fcr<\/span><\/li>\n<li style=\"font-weight: 400;\" aria-level=\"1\"><span style=\"font-weight: 400;\">Bibliothek\/Co-Working-Lounge<\/span><\/li>\n<li style=\"font-weight: 400;\" aria-level=\"1\"><span style=\"font-weight: 400;\">Online-Rechnungszahlung<\/span><\/li>\n<li style=\"font-weight: 400;\" aria-level=\"1\"><span style=\"font-weight: 400;\">Online-Serviceanfragen<\/span><\/li>\n<\/ul>\n<p>&nbsp;<\/p>\n<p><b>Die besten Luxusapartments in Burbank, Kalifornien \u2013 hier sind Sie richtig!<\/b><\/p>\n<p><span style=\"font-weight: 400;\">Nachdem Sie nun mehr \u00fcber die besten Apartments der Stadt wissen, ist klar: Atrio ist der perfekte Ort f\u00fcr Sie. Schauen Sie sich unsere Angebote an! <\/span><a href=\"https:\/\/www.atrioliving.com\/de\/galerie\/\"><b>Galerie<\/b><\/a><span style=\"font-weight: 400;\"> von dem, was Ihnen geh\u00f6ren k\u00f6nnte.<\/span><\/p>\n<p><span style=\"font-weight: 400;\">Unsere professionellen Mitarbeiter freuen sich darauf, mit Ihnen zu sprechen und Ihre Fragen zu beantworten. <\/span><a href=\"https:\/\/www.atrioliving.com\/de\/\"><b>Kontaktieren Sie uns<\/b><\/a><span style=\"font-weight: 400;\"> Lassen Sie uns noch heute wissen, wonach Sie suchen.<\/span><\/p>","protected":false},"excerpt":{"rendered":"<p>Are you searching for the best luxury apartments in Burbank, CA? Look no further than Atrio Burbank Apartments! Our community offers a stylish and convenient lifestyle you won&#8217;t find anywhere else. Nestled in a vibrant neighborhood, you&#8217;ll have access to top-tier dining, shopping, and entertainment options right at your fingertips. Our refreshing one, two, three, &#8230;<\/p>","protected":false},"author":16,"featured_media":3307,"parent":0,"menu_order":0,"comment_status":"closed","ping_status":"closed","template":"","meta":{"_acf_changed":false,"footnotes":""},"class_list":["post-3306","page","type-page","status-publish","has-post-thumbnail","hentry"],"acf":[],"yoast_head":"<!-- This site is optimized with the Yoast SEO plugin v27.5 - https:\/\/yoast.com\/product\/yoast-seo-wordpress\/ -->\n<title>Center Your Lifestyle In The Best Luxury Apartments In Burbank, CA | Atrio<\/title>\n<meta name=\"robots\" content=\"index, follow, max-snippet:-1, max-image-preview:large, max-video-preview:-1\" \/>\n<link rel=\"canonical\" href=\"https:\/\/www.atrioliving.com\/de\/die-besten-luxusapartments-in-burbank-kalifornien\/\" \/>\n<meta property=\"og:locale\" content=\"de_DE\" \/>\n<meta property=\"og:type\" content=\"article\" \/>\n<meta property=\"og:title\" content=\"Center Your Lifestyle In The Best Luxury Apartments In Burbank, CA | Atrio\" \/>\n<meta property=\"og:description\" content=\"Are you searching for the best luxury apartments in Burbank, CA? Look no further than Atrio Burbank Apartments! Our community offers a stylish and convenient lifestyle you won&#8217;t find anywhere else. Nestled in a vibrant neighborhood, you&#8217;ll have access to top-tier dining, shopping, and entertainment options right at your fingertips. Our refreshing one, two, three, ...\" \/>\n<meta property=\"og:url\" content=\"https:\/\/www.atrioliving.com\/de\/die-besten-luxusapartments-in-burbank-kalifornien\/\" \/>\n<meta property=\"og:site_name\" content=\"Atrio\" \/>\n<meta property=\"article:modified_time\" content=\"2024-01-10T16:21:24+00:00\" \/>\n<meta property=\"og:image\" content=\"https:\/\/www.atrioliving.com\/wp-content\/uploads\/2024\/01\/Screenshot-2024-01-10-at-11.02.23-AM-1024x666.png\" \/>\n\t<meta property=\"og:image:width\" content=\"1024\" \/>\n\t<meta property=\"og:image:height\" content=\"666\" \/>\n\t<meta property=\"og:image:type\" content=\"image\/png\" \/>\n<meta name=\"twitter:card\" content=\"summary_large_image\" \/>\n<meta name=\"twitter:label1\" content=\"Est. reading time\" \/>\n\t<meta name=\"twitter:data1\" content=\"2\u00a0Minuten\" \/>\n<script type=\"application\/ld+json\" class=\"yoast-schema-graph\">{\"@context\":\"https:\\\/\\\/schema.org\",\"@graph\":[{\"@type\":\"WebPage\",\"@id\":\"https:\\\/\\\/www.atrioliving.com\\\/best-luxury-apartments-in-burbank-ca\\\/\",\"url\":\"https:\\\/\\\/www.atrioliving.com\\\/best-luxury-apartments-in-burbank-ca\\\/\",\"name\":\"Center Your Lifestyle In The Best Luxury Apartments In Burbank, CA | Atrio\",\"isPartOf\":{\"@id\":\"https:\\\/\\\/www.atrioliving.com\\\/#website\"},\"primaryImageOfPage\":{\"@id\":\"https:\\\/\\\/www.atrioliving.com\\\/best-luxury-apartments-in-burbank-ca\\\/#primaryimage\"},\"image\":{\"@id\":\"https:\\\/\\\/www.atrioliving.com\\\/best-luxury-apartments-in-burbank-ca\\\/#primaryimage\"},\"thumbnailUrl\":\"https:\\\/\\\/www.atrioliving.com\\\/wp-content\\\/uploads\\\/2024\\\/01\\\/Screenshot-2024-01-10-at-11.02.23-AM.png\",\"datePublished\":\"2024-01-10T16:15:45+00:00\",\"dateModified\":\"2024-01-10T16:21:24+00:00\",\"breadcrumb\":{\"@id\":\"https:\\\/\\\/www.atrioliving.com\\\/best-luxury-apartments-in-burbank-ca\\\/#breadcrumb\"},\"inLanguage\":\"de\",\"potentialAction\":[{\"@type\":\"ReadAction\",\"target\":[\"https:\\\/\\\/www.atrioliving.com\\\/best-luxury-apartments-in-burbank-ca\\\/\"]}]},{\"@type\":\"ImageObject\",\"inLanguage\":\"de\",\"@id\":\"https:\\\/\\\/www.atrioliving.com\\\/best-luxury-apartments-in-burbank-ca\\\/#primaryimage\",\"url\":\"https:\\\/\\\/www.atrioliving.com\\\/wp-content\\\/uploads\\\/2024\\\/01\\\/Screenshot-2024-01-10-at-11.02.23-AM.png\",\"contentUrl\":\"https:\\\/\\\/www.atrioliving.com\\\/wp-content\\\/uploads\\\/2024\\\/01\\\/Screenshot-2024-01-10-at-11.02.23-AM.png\",\"width\":2168,\"height\":1410,\"caption\":\"Living room | Atrio\"},{\"@type\":\"BreadcrumbList\",\"@id\":\"https:\\\/\\\/www.atrioliving.com\\\/best-luxury-apartments-in-burbank-ca\\\/#breadcrumb\",\"itemListElement\":[{\"@type\":\"ListItem\",\"position\":1,\"name\":\"Home\",\"item\":\"https:\\\/\\\/www.atrioliving.com\\\/\"},{\"@type\":\"ListItem\",\"position\":2,\"name\":\"Center Your Lifestyle In The Best Luxury Apartments In Burbank, CA\"}]},{\"@type\":\"WebSite\",\"@id\":\"https:\\\/\\\/www.atrioliving.com\\\/#website\",\"url\":\"https:\\\/\\\/www.atrioliving.com\\\/\",\"name\":\"Atrio\",\"description\":\"\",\"publisher\":{\"@id\":\"https:\\\/\\\/www.atrioliving.com\\\/#organization\"},\"potentialAction\":[{\"@type\":\"SearchAction\",\"target\":{\"@type\":\"EntryPoint\",\"urlTemplate\":\"https:\\\/\\\/www.atrioliving.com\\\/?s={search_term_string}\"},\"query-input\":{\"@type\":\"PropertyValueSpecification\",\"valueRequired\":true,\"valueName\":\"search_term_string\"}}],\"inLanguage\":\"de\"},{\"@type\":\"Organization\",\"@id\":\"https:\\\/\\\/www.atrioliving.com\\\/#organization\",\"name\":\"Haven Apartments\",\"url\":\"https:\\\/\\\/www.atrioliving.com\\\/\",\"logo\":{\"@type\":\"ImageObject\",\"inLanguage\":\"de\",\"@id\":\"https:\\\/\\\/www.atrioliving.com\\\/#\\\/schema\\\/logo\\\/image\\\/\",\"url\":\"https:\\\/\\\/www.atrioliving.com\\\/wp-content\\\/uploads\\\/2021\\\/02\\\/logo-mobile.png\",\"contentUrl\":\"https:\\\/\\\/www.atrioliving.com\\\/wp-content\\\/uploads\\\/2021\\\/02\\\/logo-mobile.png\",\"width\":216,\"height\":71,\"caption\":\"Haven Apartments\"},\"image\":{\"@id\":\"https:\\\/\\\/www.atrioliving.com\\\/#\\\/schema\\\/logo\\\/image\\\/\"}}]}<\/script>\n<!-- \/ Yoast SEO plugin. -->","yoast_head_json":{"title":"Gestalten Sie Ihren Lifestyle in den besten Luxusapartments in Burbank, Kalifornien | Atrio","robots":{"index":"index","follow":"follow","max-snippet":"max-snippet:-1","max-image-preview":"max-image-preview:large","max-video-preview":"max-video-preview:-1"},"canonical":"https:\/\/www.atrioliving.com\/de\/die-besten-luxusapartments-in-burbank-kalifornien\/","og_locale":"de_DE","og_type":"article","og_title":"Center Your Lifestyle In The Best Luxury Apartments In Burbank, CA | Atrio","og_description":"Are you searching for the best luxury apartments in Burbank, CA? Look no further than Atrio Burbank Apartments! Our community offers a stylish and convenient lifestyle you won&#8217;t find anywhere else. Nestled in a vibrant neighborhood, you&#8217;ll have access to top-tier dining, shopping, and entertainment options right at your fingertips. Our refreshing one, two, three, ...","og_url":"https:\/\/www.atrioliving.com\/de\/die-besten-luxusapartments-in-burbank-kalifornien\/","og_site_name":"Atrio","article_modified_time":"2024-01-10T16:21:24+00:00","og_image":[{"width":1024,"height":666,"url":"https:\/\/www.atrioliving.com\/wp-content\/uploads\/2024\/01\/Screenshot-2024-01-10-at-11.02.23-AM-1024x666.png","type":"image\/png"}],"twitter_card":"summary_large_image","twitter_misc":{"Est. reading time":"2\u00a0Minuten"},"schema":{"@context":"https:\/\/schema.org","@graph":[{"@type":"WebPage","@id":"https:\/\/www.atrioliving.com\/best-luxury-apartments-in-burbank-ca\/","url":"https:\/\/www.atrioliving.com\/best-luxury-apartments-in-burbank-ca\/","name":"Gestalten Sie Ihren Lifestyle in den besten Luxusapartments in Burbank, Kalifornien | Atrio","isPartOf":{"@id":"https:\/\/www.atrioliving.com\/#website"},"primaryImageOfPage":{"@id":"https:\/\/www.atrioliving.com\/best-luxury-apartments-in-burbank-ca\/#primaryimage"},"image":{"@id":"https:\/\/www.atrioliving.com\/best-luxury-apartments-in-burbank-ca\/#primaryimage"},"thumbnailUrl":"https:\/\/www.atrioliving.com\/wp-content\/uploads\/2024\/01\/Screenshot-2024-01-10-at-11.02.23-AM.png","datePublished":"2024-01-10T16:15:45+00:00","dateModified":"2024-01-10T16:21:24+00:00","breadcrumb":{"@id":"https:\/\/www.atrioliving.com\/best-luxury-apartments-in-burbank-ca\/#breadcrumb"},"inLanguage":"de","potentialAction":[{"@type":"ReadAction","target":["https:\/\/www.atrioliving.com\/best-luxury-apartments-in-burbank-ca\/"]}]},{"@type":"ImageObject","inLanguage":"de","@id":"https:\/\/www.atrioliving.com\/best-luxury-apartments-in-burbank-ca\/#primaryimage","url":"https:\/\/www.atrioliving.com\/wp-content\/uploads\/2024\/01\/Screenshot-2024-01-10-at-11.02.23-AM.png","contentUrl":"https:\/\/www.atrioliving.com\/wp-content\/uploads\/2024\/01\/Screenshot-2024-01-10-at-11.02.23-AM.png","width":2168,"height":1410,"caption":"Living room | Atrio"},{"@type":"BreadcrumbList","@id":"https:\/\/www.atrioliving.com\/best-luxury-apartments-in-burbank-ca\/#breadcrumb","itemListElement":[{"@type":"ListItem","position":1,"name":"Home","item":"https:\/\/www.atrioliving.com\/"},{"@type":"ListItem","position":2,"name":"Center Your Lifestyle In The Best Luxury Apartments In Burbank, CA"}]},{"@type":"WebSite","@id":"https:\/\/www.atrioliving.com\/#website","url":"https:\/\/www.atrioliving.com\/","name":"Atrio","description":"","publisher":{"@id":"https:\/\/www.atrioliving.com\/#organization"},"potentialAction":[{"@type":"SearchAction","target":{"@type":"EntryPoint","urlTemplate":"https:\/\/www.atrioliving.com\/?s={search_term_string}"},"query-input":{"@type":"PropertyValueSpecification","valueRequired":true,"valueName":"search_term_string"}}],"inLanguage":"de"},{"@type":"Organization","@id":"https:\/\/www.atrioliving.com\/#organization","name":"Haven Wohnungen","url":"https:\/\/www.atrioliving.com\/","logo":{"@type":"ImageObject","inLanguage":"de","@id":"https:\/\/www.atrioliving.com\/#\/schema\/logo\/image\/","url":"https:\/\/www.atrioliving.com\/wp-content\/uploads\/2021\/02\/logo-mobile.png","contentUrl":"https:\/\/www.atrioliving.com\/wp-content\/uploads\/2021\/02\/logo-mobile.png","width":216,"height":71,"caption":"Haven Apartments"},"image":{"@id":"https:\/\/www.atrioliving.com\/#\/schema\/logo\/image\/"}}]}},"_links":{"self":[{"href":"https:\/\/www.atrioliving.com\/de\/wp-json\/wp\/v2\/pages\/3306","targetHints":{"allow":["GET"]}}],"collection":[{"href":"https:\/\/www.atrioliving.com\/de\/wp-json\/wp\/v2\/pages"}],"about":[{"href":"https:\/\/www.atrioliving.com\/de\/wp-json\/wp\/v2\/types\/page"}],"author":[{"embeddable":true,"href":"https:\/\/www.atrioliving.com\/de\/wp-json\/wp\/v2\/users\/16"}],"replies":[{"embeddable":true,"href":"https:\/\/www.atrioliving.com\/de\/wp-json\/wp\/v2\/comments?post=3306"}],"version-history":[{"count":0,"href":"https:\/\/www.atrioliving.com\/de\/wp-json\/wp\/v2\/pages\/3306\/revisions"}],"wp:featuredmedia":[{"embeddable":true,"href":"https:\/\/www.atrioliving.com\/de\/wp-json\/wp\/v2\/media\/3307"}],"wp:attachment":[{"href":"https:\/\/www.atrioliving.com\/de\/wp-json\/wp\/v2\/media?parent=3306"}],"curies":[{"name":"wp","href":"https:\/\/api.w.org\/{rel}","templated":true}]}}