{"id":1924,"date":"2019-05-02T11:22:44","date_gmt":"2019-05-02T11:22:44","guid":{"rendered":"https:\/\/www.atrioliving.com\/?page_id=1924"},"modified":"2026-01-30T23:30:48","modified_gmt":"2026-01-30T23:30:48","slug":"vecindario","status":"publish","type":"page","link":"https:\/\/www.atrioliving.com\/es\/neighborhood\/","title":{"rendered":"Barrio"},"content":{"rendered":"<section class=\"wpb-content-wrapper\"><div class=\"vc_row wpb_row vc_row-fluid\">\n        \n<div class=\"wpb_column vc_column_container vc_col-sm-12\">\n    <div class=\"vc_column-inner\">\n        <div class=\"wpb_wrapper\">\n            \n\t<div  class=\"wpb_single_image wpb_content_element vc_align_left   banner_img_section\">\n\t\t\n\t\t<figure class=\"wpb_wrapper vc_figure\">\n\t\t\t<div class=\"vc_single_image-wrapper   vc_box_border_grey\"><img loading=\"lazy\" decoding=\"async\" width=\"2121\" height=\"1414\" src=\"https:\/\/www.atrioliving.com\/wp-content\/uploads\/2022\/07\/Neighberhood.jpg\" class=\"vc_single_image-img attachment-full\" alt=\"\" title=\"S\u00edmbolo de Warner Bros. Entertainment, Inc.\" srcset=\"https:\/\/www.atrioliving.com\/wp-content\/uploads\/2022\/07\/Neighberhood.jpg 2121w, https:\/\/www.atrioliving.com\/wp-content\/uploads\/2022\/07\/Neighberhood-300x200.jpg 300w, https:\/\/www.atrioliving.com\/wp-content\/uploads\/2022\/07\/Neighberhood-1024x683.jpg 1024w, https:\/\/www.atrioliving.com\/wp-content\/uploads\/2022\/07\/Neighberhood-768x512.jpg 768w, https:\/\/www.atrioliving.com\/wp-content\/uploads\/2022\/07\/Neighberhood-1536x1024.jpg 1536w, https:\/\/www.atrioliving.com\/wp-content\/uploads\/2022\/07\/Neighberhood-2048x1365.jpg 2048w, https:\/\/www.atrioliving.com\/wp-content\/uploads\/2022\/07\/Neighberhood-500x333.jpg 500w\" sizes=\"auto, (max-width: 2121px) 100vw, 2121px\" \/><\/div>\n\t\t<\/figure>\n\t<\/div>\n        <\/div>\n    <\/div>\n<\/div>    <\/div>\n\n    <div class=\"vc_row wpb_row vc_row-fluid neighborhood-content\">\n        \n<div class=\"wpb_column vc_column_container vc_col-sm-12\">\n    <div class=\"vc_column-inner\">\n        <div class=\"wpb_wrapper\">\n            \n\t<div class=\"wpb_text_column wpb_content_element\" >\n\t\t<div class=\"wpb_wrapper\">\n\t\t\t<h1 class=\"heading_new_style\">Desde granjas hasta lugares fabulosos<\/h1>\n<p class=\"heading_para\">Burbank se construy\u00f3 sobre un auge de innovaci\u00f3n en los terrenos agr\u00edcolas del Valle. Hoy en d\u00eda, conserva ese encanto relajado, con el vibrante ambiente de los estudios de Hollywood. Ubicado cerca del Distrito Noroeste de Los \u00c1ngeles, Atrio ofrece f\u00e1cil acceso a lugares emblem\u00e1ticos como Griffith Park, el Zool\u00f3gico de Los \u00c1ngeles y el Museo Travel Town, adem\u00e1s del dinamismo creativo de Warner Bros. Studios y NBCUniversal a solo minutos de distancia. Atrio est\u00e1 cerca de algunos de los mejores restaurantes, tiendas y opciones de entretenimiento de todo Los \u00c1ngeles. Desde el Westside hasta el centro y Americana at Brand, nuestros apartamentos en alquiler en Burbank, California, est\u00e1n conectados con todo lo que Los \u00c1ngeles tiene para ofrecer. Programe una visita hoy mismo y experimente la energ\u00eda vibrante de la vida en Atrio.<\/p>\n\n\t\t<\/div>\n\t<\/div>\n        <\/div>\n    <\/div>\n<\/div>    <\/div>\n<\/section>","protected":false},"excerpt":{"rendered":"From farms to fabulous Burbank was built on a boom of innovation in the pastures of the Valley\u2019s agricultural past. Today, it still has that relaxed charm with the buzz of Hollywood\u2019s studios coursing through it. Nestled near the Northwest District of Los Angeles, Atrio offers easy access to local favorites like Griffith Park, the ...","protected":false},"author":13,"featured_media":0,"parent":0,"menu_order":0,"comment_status":"closed","ping_status":"closed","template":"template-neighbor.php","meta":{"_acf_changed":false,"footnotes":""},"class_list":["post-1924","page","type-page","status-publish","hentry"],"acf":[],"yoast_head":"<!-- This site is optimized with the Yoast SEO plugin v27.5 - https:\/\/yoast.com\/product\/yoast-seo-wordpress\/ -->\n<title>Apartments for Rent in Burbank, CA | Atrio | Neighborhood<\/title>\n<meta name=\"description\" content=\"Live at Atrio, with modern apartments for rent in Burbank, CA, near Magnolia Park, close to dining, shopping, and everyday conveniences. Explore the neighborhood.\" \/>\n<meta name=\"robots\" content=\"index, follow, max-snippet:-1, max-image-preview:large, max-video-preview:-1\" \/>\n<link rel=\"canonical\" href=\"https:\/\/www.atrioliving.com\/es\/vecindario\/\" \/>\n<meta property=\"og:locale\" content=\"es_MX\" \/>\n<meta property=\"og:type\" content=\"article\" \/>\n<meta property=\"og:title\" content=\"Apartments for Rent in Burbank, CA | Atrio | Neighborhood\" \/>\n<meta property=\"og:description\" content=\"Live at Atrio, with modern apartments for rent in Burbank, CA, near Magnolia Park, close to dining, shopping, and everyday conveniences. Explore the neighborhood.\" \/>\n<meta property=\"og:url\" content=\"https:\/\/www.atrioliving.com\/es\/vecindario\/\" \/>\n<meta property=\"og:site_name\" content=\"Atrio\" \/>\n<meta property=\"article:modified_time\" content=\"2026-01-30T23:30:48+00:00\" \/>\n<meta name=\"twitter:card\" content=\"summary_large_image\" \/>\n<meta name=\"twitter:label1\" content=\"Est. reading time\" \/>\n\t<meta name=\"twitter:data1\" content=\"1 minuto\" \/>\n<script type=\"application\/ld+json\" class=\"yoast-schema-graph\">{\"@context\":\"https:\\\/\\\/schema.org\",\"@graph\":[{\"@type\":\"WebPage\",\"@id\":\"https:\\\/\\\/www.atrioliving.com\\\/neighborhood\\\/\",\"url\":\"https:\\\/\\\/www.atrioliving.com\\\/neighborhood\\\/\",\"name\":\"Apartments for Rent in Burbank, CA | Atrio | Neighborhood\",\"isPartOf\":{\"@id\":\"https:\\\/\\\/www.atrioliving.com\\\/#website\"},\"datePublished\":\"2019-05-02T11:22:44+00:00\",\"dateModified\":\"2026-01-30T23:30:48+00:00\",\"description\":\"Live at Atrio, with modern apartments for rent in Burbank, CA, near Magnolia Park, close to dining, shopping, and everyday conveniences. Explore the neighborhood.\",\"breadcrumb\":{\"@id\":\"https:\\\/\\\/www.atrioliving.com\\\/neighborhood\\\/#breadcrumb\"},\"inLanguage\":\"es\",\"potentialAction\":[{\"@type\":\"ReadAction\",\"target\":[\"https:\\\/\\\/www.atrioliving.com\\\/neighborhood\\\/\"]}]},{\"@type\":\"BreadcrumbList\",\"@id\":\"https:\\\/\\\/www.atrioliving.com\\\/neighborhood\\\/#breadcrumb\",\"itemListElement\":[{\"@type\":\"ListItem\",\"position\":1,\"name\":\"Home\",\"item\":\"https:\\\/\\\/www.atrioliving.com\\\/\"},{\"@type\":\"ListItem\",\"position\":2,\"name\":\"Neighborhood\"}]},{\"@type\":\"WebSite\",\"@id\":\"https:\\\/\\\/www.atrioliving.com\\\/#website\",\"url\":\"https:\\\/\\\/www.atrioliving.com\\\/\",\"name\":\"Atrio\",\"description\":\"\",\"publisher\":{\"@id\":\"https:\\\/\\\/www.atrioliving.com\\\/#organization\"},\"potentialAction\":[{\"@type\":\"SearchAction\",\"target\":{\"@type\":\"EntryPoint\",\"urlTemplate\":\"https:\\\/\\\/www.atrioliving.com\\\/?s={search_term_string}\"},\"query-input\":{\"@type\":\"PropertyValueSpecification\",\"valueRequired\":true,\"valueName\":\"search_term_string\"}}],\"inLanguage\":\"es\"},{\"@type\":\"Organization\",\"@id\":\"https:\\\/\\\/www.atrioliving.com\\\/#organization\",\"name\":\"Haven Apartments\",\"url\":\"https:\\\/\\\/www.atrioliving.com\\\/\",\"logo\":{\"@type\":\"ImageObject\",\"inLanguage\":\"es\",\"@id\":\"https:\\\/\\\/www.atrioliving.com\\\/#\\\/schema\\\/logo\\\/image\\\/\",\"url\":\"https:\\\/\\\/www.atrioliving.com\\\/wp-content\\\/uploads\\\/2021\\\/02\\\/logo-mobile.png\",\"contentUrl\":\"https:\\\/\\\/www.atrioliving.com\\\/wp-content\\\/uploads\\\/2021\\\/02\\\/logo-mobile.png\",\"width\":216,\"height\":71,\"caption\":\"Haven Apartments\"},\"image\":{\"@id\":\"https:\\\/\\\/www.atrioliving.com\\\/#\\\/schema\\\/logo\\\/image\\\/\"}}]}<\/script>\n<!-- \/ Yoast SEO plugin. -->","yoast_head_json":{"title":"Apartamentos en alquiler en Burbank, CA | Atrio | Barrio","description":"Vive en Atrio, con modernos apartamentos en alquiler en Burbank, California, cerca de Magnolia Park, restaurantes, tiendas y todo lo que necesitas. Descubre el vecindario.","robots":{"index":"index","follow":"follow","max-snippet":"max-snippet:-1","max-image-preview":"max-image-preview:large","max-video-preview":"max-video-preview:-1"},"canonical":"https:\/\/www.atrioliving.com\/es\/vecindario\/","og_locale":"es_MX","og_type":"article","og_title":"Apartments for Rent in Burbank, CA | Atrio | Neighborhood","og_description":"Live at Atrio, with modern apartments for rent in Burbank, CA, near Magnolia Park, close to dining, shopping, and everyday conveniences. Explore the neighborhood.","og_url":"https:\/\/www.atrioliving.com\/es\/vecindario\/","og_site_name":"Atrio","article_modified_time":"2026-01-30T23:30:48+00:00","twitter_card":"summary_large_image","twitter_misc":{"Est. reading time":"1 minuto"},"schema":{"@context":"https:\/\/schema.org","@graph":[{"@type":"WebPage","@id":"https:\/\/www.atrioliving.com\/neighborhood\/","url":"https:\/\/www.atrioliving.com\/neighborhood\/","name":"Apartamentos en alquiler en Burbank, CA | Atrio | Barrio","isPartOf":{"@id":"https:\/\/www.atrioliving.com\/#website"},"datePublished":"2019-05-02T11:22:44+00:00","dateModified":"2026-01-30T23:30:48+00:00","description":"Vive en Atrio, con modernos apartamentos en alquiler en Burbank, California, cerca de Magnolia Park, restaurantes, tiendas y todo lo que necesitas. Descubre el vecindario.","breadcrumb":{"@id":"https:\/\/www.atrioliving.com\/neighborhood\/#breadcrumb"},"inLanguage":"es","potentialAction":[{"@type":"ReadAction","target":["https:\/\/www.atrioliving.com\/neighborhood\/"]}]},{"@type":"BreadcrumbList","@id":"https:\/\/www.atrioliving.com\/neighborhood\/#breadcrumb","itemListElement":[{"@type":"ListItem","position":1,"name":"Home","item":"https:\/\/www.atrioliving.com\/"},{"@type":"ListItem","position":2,"name":"Neighborhood"}]},{"@type":"WebSite","@id":"https:\/\/www.atrioliving.com\/#website","url":"https:\/\/www.atrioliving.com\/","name":"Atrio","description":"","publisher":{"@id":"https:\/\/www.atrioliving.com\/#organization"},"potentialAction":[{"@type":"SearchAction","target":{"@type":"EntryPoint","urlTemplate":"https:\/\/www.atrioliving.com\/?s={search_term_string}"},"query-input":{"@type":"PropertyValueSpecification","valueRequired":true,"valueName":"search_term_string"}}],"inLanguage":"es"},{"@type":"Organization","@id":"https:\/\/www.atrioliving.com\/#organization","name":"Apartamentos Haven","url":"https:\/\/www.atrioliving.com\/","logo":{"@type":"ImageObject","inLanguage":"es","@id":"https:\/\/www.atrioliving.com\/#\/schema\/logo\/image\/","url":"https:\/\/www.atrioliving.com\/wp-content\/uploads\/2021\/02\/logo-mobile.png","contentUrl":"https:\/\/www.atrioliving.com\/wp-content\/uploads\/2021\/02\/logo-mobile.png","width":216,"height":71,"caption":"Haven Apartments"},"image":{"@id":"https:\/\/www.atrioliving.com\/#\/schema\/logo\/image\/"}}]}},"_links":{"self":[{"href":"https:\/\/www.atrioliving.com\/es\/wp-json\/wp\/v2\/pages\/1924","targetHints":{"allow":["GET"]}}],"collection":[{"href":"https:\/\/www.atrioliving.com\/es\/wp-json\/wp\/v2\/pages"}],"about":[{"href":"https:\/\/www.atrioliving.com\/es\/wp-json\/wp\/v2\/types\/page"}],"author":[{"embeddable":true,"href":"https:\/\/www.atrioliving.com\/es\/wp-json\/wp\/v2\/users\/13"}],"replies":[{"embeddable":true,"href":"https:\/\/www.atrioliving.com\/es\/wp-json\/wp\/v2\/comments?post=1924"}],"version-history":[{"count":0,"href":"https:\/\/www.atrioliving.com\/es\/wp-json\/wp\/v2\/pages\/1924\/revisions"}],"wp:attachment":[{"href":"https:\/\/www.atrioliving.com\/es\/wp-json\/wp\/v2\/media?parent=1924"}],"curies":[{"name":"wp","href":"https:\/\/api.w.org\/{rel}","templated":true}]}}