{"id":2621,"date":"2022-03-14T06:44:51","date_gmt":"2022-03-14T06:44:51","guid":{"rendered":"https:\/\/www.atrioliving.com\/?page_id=2621"},"modified":"2026-03-24T00:30:16","modified_gmt":"2026-03-24T00:30:16","slug":"comodidades","status":"publish","type":"page","link":"https:\/\/www.atrioliving.com\/es\/amenities\/","title":{"rendered":"Comodidades"},"content":{"rendered":"<section class=\"wpb-content-wrapper\"><div data-vc-full-width=\"true\" data-vc-full-width-init=\"false\" data-vc-stretch-content=\"true\" class=\"vc_row wpb_row vc_row-fluid vc_row-no-padding\">\n        \n<div class=\"wpb_column vc_column_container vc_col-sm-12\">\n    <div class=\"vc_column-inner\">\n        <div class=\"wpb_wrapper\">\n            \n\t<div  class=\"wpb_single_image wpb_content_element vc_align_left   banner_img_section new_banners\">\n\t\t\n\t\t<figure class=\"wpb_wrapper vc_figure\">\n\t\t\t<div class=\"vc_single_image-wrapper   vc_box_border_grey\"><img loading=\"lazy\" decoding=\"async\" width=\"1920\" height=\"1080\" src=\"https:\/\/www.atrioliving.com\/wp-content\/uploads\/2022\/08\/yoga-serene-jungle.jpg\" class=\"vc_single_image-img attachment-full\" alt=\"\" title=\"yoga-serena-jungla\" srcset=\"https:\/\/www.atrioliving.com\/wp-content\/uploads\/2022\/08\/yoga-serene-jungle.jpg 1920w, https:\/\/www.atrioliving.com\/wp-content\/uploads\/2022\/08\/yoga-serene-jungle-300x169.jpg 300w, https:\/\/www.atrioliving.com\/wp-content\/uploads\/2022\/08\/yoga-serene-jungle-1024x576.jpg 1024w, https:\/\/www.atrioliving.com\/wp-content\/uploads\/2022\/08\/yoga-serene-jungle-768x432.jpg 768w, https:\/\/www.atrioliving.com\/wp-content\/uploads\/2022\/08\/yoga-serene-jungle-1536x864.jpg 1536w, https:\/\/www.atrioliving.com\/wp-content\/uploads\/2022\/08\/yoga-serene-jungle-500x281.jpg 500w\" sizes=\"auto, (max-width: 1920px) 100vw, 1920px\" \/><\/div>\n\t\t<\/figure>\n\t<\/div>\n        <\/div>\n    <\/div>\n<\/div>    <\/div>\n    <div class=\"vc_row-full-width vc_clearfix\"><\/div>\n\n    <div data-vc-full-width=\"true\" data-vc-full-width-init=\"false\" data-vc-stretch-content=\"true\" class=\"vc_row wpb_row vc_row-fluid neighborhood-content amenities-content vc_row-no-padding\">\n        \n<div class=\"wpb_column vc_column_container vc_col-sm-12\">\n    <div class=\"vc_column-inner\">\n        <div class=\"wpb_wrapper\">\n            \n\t<div class=\"wpb_text_column wpb_content_element\" >\n\t\t<div class=\"wpb_wrapper\">\n\t\t\t<h1 class=\"heading_new_style\">Ning\u00fan retiro est\u00e1 completo sin excelentes comodidades.<\/h1>\n<p class=\"heading_para\">Con el equilibrio perfecto entre comodidad y elegancia, Atrio te permite disfrutar de todos los lujos. Las comodidades cuidadosamente seleccionadas convierten los espacios comunes en una extensi\u00f3n de tu hogar y un lugar para interactuar con la comunidad. Ya sea que est\u00e9s tomando el sol en nuestra terraza con piscina estilo resort, recibiendo a tus amigos y familiares en uno de nuestros espacios exteriores informales o qued\u00e1ndote en casa para disfrutar de tu nuevo y fresco interior, todas las comodidades est\u00e1n a tu alcance en nuestros apartamentos que admiten mascotas en Burbank, California.<\/p>\n\n\t\t<\/div>\n\t<\/div>\n        <\/div>\n    <\/div>\n<\/div>    <\/div>\n    <div class=\"vc_row-full-width vc_clearfix\"><\/div>\n<\/section>","protected":false},"excerpt":{"rendered":"No Retreat is complete without great amenities The perfect balance of comfort and class, Atrio lets you indulge in every luxury. Curated amenities turn communal spaces into an extension of your home and a place to engage with the community. Whether you are basking in the warm sun on our resort-style pool deck, entertaining your ...","protected":false},"author":13,"featured_media":0,"parent":0,"menu_order":0,"comment_status":"closed","ping_status":"closed","template":"template-amenities.php","meta":{"_acf_changed":false,"footnotes":""},"class_list":["post-2621","page","type-page","status-publish","hentry"],"acf":[],"yoast_head":"<!-- This site is optimized with the Yoast SEO plugin v27.3 - https:\/\/yoast.com\/product\/yoast-seo-wordpress\/ -->\n<title>Burbank California Apartments for Rent | Amenities<\/title>\n<meta name=\"description\" content=\"Atrio offers dog-friendly apartments in Burbank, CA, featuring conveniences such as controlled-access entry and outdoor lounges. Call us today to learn more.\" \/>\n<meta name=\"robots\" content=\"index, follow, max-snippet:-1, max-image-preview:large, max-video-preview:-1\" \/>\n<link rel=\"canonical\" href=\"https:\/\/www.atrioliving.com\/es\/comodidades\/\" \/>\n<meta property=\"og:locale\" content=\"es_MX\" \/>\n<meta property=\"og:type\" content=\"article\" \/>\n<meta property=\"og:title\" content=\"Burbank California Apartments for Rent | Amenities\" \/>\n<meta property=\"og:description\" content=\"Atrio offers dog-friendly apartments in Burbank, CA, featuring conveniences such as controlled-access entry and outdoor lounges. Call us today to learn more.\" \/>\n<meta property=\"og:url\" content=\"https:\/\/www.atrioliving.com\/es\/comodidades\/\" \/>\n<meta property=\"og:site_name\" content=\"Atrio\" \/>\n<meta property=\"article:modified_time\" content=\"2026-03-24T00:30:16+00:00\" \/>\n<meta name=\"twitter:card\" content=\"summary_large_image\" \/>\n<meta name=\"twitter:label1\" content=\"Est. reading time\" \/>\n\t<meta name=\"twitter:data1\" content=\"6 minutos\" \/>\n<script type=\"application\/ld+json\" class=\"yoast-schema-graph\">{\"@context\":\"https:\\\/\\\/schema.org\",\"@graph\":[{\"@type\":\"WebPage\",\"@id\":\"https:\\\/\\\/www.atrioliving.com\\\/amenities\\\/\",\"url\":\"https:\\\/\\\/www.atrioliving.com\\\/amenities\\\/\",\"name\":\"Burbank California Apartments for Rent | Amenities\",\"isPartOf\":{\"@id\":\"https:\\\/\\\/www.atrioliving.com\\\/#website\"},\"datePublished\":\"2022-03-14T06:44:51+00:00\",\"dateModified\":\"2026-03-24T00:30:16+00:00\",\"description\":\"Atrio offers dog-friendly apartments in Burbank, CA, featuring conveniences such as controlled-access entry and outdoor lounges. Call us today to learn more.\",\"breadcrumb\":{\"@id\":\"https:\\\/\\\/www.atrioliving.com\\\/amenities\\\/#breadcrumb\"},\"inLanguage\":\"es\",\"potentialAction\":[{\"@type\":\"ReadAction\",\"target\":[\"https:\\\/\\\/www.atrioliving.com\\\/amenities\\\/\"]}]},{\"@type\":\"BreadcrumbList\",\"@id\":\"https:\\\/\\\/www.atrioliving.com\\\/amenities\\\/#breadcrumb\",\"itemListElement\":[{\"@type\":\"ListItem\",\"position\":1,\"name\":\"Home\",\"item\":\"https:\\\/\\\/www.atrioliving.com\\\/\"},{\"@type\":\"ListItem\",\"position\":2,\"name\":\"Amenities\"}]},{\"@type\":\"WebSite\",\"@id\":\"https:\\\/\\\/www.atrioliving.com\\\/#website\",\"url\":\"https:\\\/\\\/www.atrioliving.com\\\/\",\"name\":\"Atrio\",\"description\":\"\",\"publisher\":{\"@id\":\"https:\\\/\\\/www.atrioliving.com\\\/#organization\"},\"potentialAction\":[{\"@type\":\"SearchAction\",\"target\":{\"@type\":\"EntryPoint\",\"urlTemplate\":\"https:\\\/\\\/www.atrioliving.com\\\/?s={search_term_string}\"},\"query-input\":{\"@type\":\"PropertyValueSpecification\",\"valueRequired\":true,\"valueName\":\"search_term_string\"}}],\"inLanguage\":\"es\"},{\"@type\":\"Organization\",\"@id\":\"https:\\\/\\\/www.atrioliving.com\\\/#organization\",\"name\":\"Haven Apartments\",\"url\":\"https:\\\/\\\/www.atrioliving.com\\\/\",\"logo\":{\"@type\":\"ImageObject\",\"inLanguage\":\"es\",\"@id\":\"https:\\\/\\\/www.atrioliving.com\\\/#\\\/schema\\\/logo\\\/image\\\/\",\"url\":\"https:\\\/\\\/www.atrioliving.com\\\/wp-content\\\/uploads\\\/2021\\\/02\\\/logo-mobile.png\",\"contentUrl\":\"https:\\\/\\\/www.atrioliving.com\\\/wp-content\\\/uploads\\\/2021\\\/02\\\/logo-mobile.png\",\"width\":216,\"height\":71,\"caption\":\"Haven Apartments\"},\"image\":{\"@id\":\"https:\\\/\\\/www.atrioliving.com\\\/#\\\/schema\\\/logo\\\/image\\\/\"}}]}<\/script>\n<!-- \/ Yoast SEO plugin. -->","yoast_head_json":{"title":"Apartamentos en alquiler en Burbank, California | Servicios","description":"Atrio ofrece apartamentos que admiten mascotas en Burbank, California, con comodidades como acceso controlado y \u00e1reas de descanso al aire libre. Ll\u00e1menos hoy para obtener m\u00e1s informaci\u00f3n.","robots":{"index":"index","follow":"follow","max-snippet":"max-snippet:-1","max-image-preview":"max-image-preview:large","max-video-preview":"max-video-preview:-1"},"canonical":"https:\/\/www.atrioliving.com\/es\/comodidades\/","og_locale":"es_MX","og_type":"article","og_title":"Burbank California Apartments for Rent | Amenities","og_description":"Atrio offers dog-friendly apartments in Burbank, CA, featuring conveniences such as controlled-access entry and outdoor lounges. Call us today to learn more.","og_url":"https:\/\/www.atrioliving.com\/es\/comodidades\/","og_site_name":"Atrio","article_modified_time":"2026-03-24T00:30:16+00:00","twitter_card":"summary_large_image","twitter_misc":{"Est. reading time":"6 minutos"},"schema":{"@context":"https:\/\/schema.org","@graph":[{"@type":"WebPage","@id":"https:\/\/www.atrioliving.com\/amenities\/","url":"https:\/\/www.atrioliving.com\/amenities\/","name":"Apartamentos en alquiler en Burbank, California | Servicios","isPartOf":{"@id":"https:\/\/www.atrioliving.com\/#website"},"datePublished":"2022-03-14T06:44:51+00:00","dateModified":"2026-03-24T00:30:16+00:00","description":"Atrio ofrece apartamentos que admiten mascotas en Burbank, California, con comodidades como acceso controlado y \u00e1reas de descanso al aire libre. Ll\u00e1menos hoy para obtener m\u00e1s informaci\u00f3n.","breadcrumb":{"@id":"https:\/\/www.atrioliving.com\/amenities\/#breadcrumb"},"inLanguage":"es","potentialAction":[{"@type":"ReadAction","target":["https:\/\/www.atrioliving.com\/amenities\/"]}]},{"@type":"BreadcrumbList","@id":"https:\/\/www.atrioliving.com\/amenities\/#breadcrumb","itemListElement":[{"@type":"ListItem","position":1,"name":"Home","item":"https:\/\/www.atrioliving.com\/"},{"@type":"ListItem","position":2,"name":"Amenities"}]},{"@type":"WebSite","@id":"https:\/\/www.atrioliving.com\/#website","url":"https:\/\/www.atrioliving.com\/","name":"Atrio","description":"","publisher":{"@id":"https:\/\/www.atrioliving.com\/#organization"},"potentialAction":[{"@type":"SearchAction","target":{"@type":"EntryPoint","urlTemplate":"https:\/\/www.atrioliving.com\/?s={search_term_string}"},"query-input":{"@type":"PropertyValueSpecification","valueRequired":true,"valueName":"search_term_string"}}],"inLanguage":"es"},{"@type":"Organization","@id":"https:\/\/www.atrioliving.com\/#organization","name":"Apartamentos Haven","url":"https:\/\/www.atrioliving.com\/","logo":{"@type":"ImageObject","inLanguage":"es","@id":"https:\/\/www.atrioliving.com\/#\/schema\/logo\/image\/","url":"https:\/\/www.atrioliving.com\/wp-content\/uploads\/2021\/02\/logo-mobile.png","contentUrl":"https:\/\/www.atrioliving.com\/wp-content\/uploads\/2021\/02\/logo-mobile.png","width":216,"height":71,"caption":"Haven Apartments"},"image":{"@id":"https:\/\/www.atrioliving.com\/#\/schema\/logo\/image\/"}}]}},"_links":{"self":[{"href":"https:\/\/www.atrioliving.com\/es\/wp-json\/wp\/v2\/pages\/2621","targetHints":{"allow":["GET"]}}],"collection":[{"href":"https:\/\/www.atrioliving.com\/es\/wp-json\/wp\/v2\/pages"}],"about":[{"href":"https:\/\/www.atrioliving.com\/es\/wp-json\/wp\/v2\/types\/page"}],"author":[{"embeddable":true,"href":"https:\/\/www.atrioliving.com\/es\/wp-json\/wp\/v2\/users\/13"}],"replies":[{"embeddable":true,"href":"https:\/\/www.atrioliving.com\/es\/wp-json\/wp\/v2\/comments?post=2621"}],"version-history":[{"count":0,"href":"https:\/\/www.atrioliving.com\/es\/wp-json\/wp\/v2\/pages\/2621\/revisions"}],"wp:attachment":[{"href":"https:\/\/www.atrioliving.com\/es\/wp-json\/wp\/v2\/media?parent=2621"}],"curies":[{"name":"wp","href":"https:\/\/api.w.org\/{rel}","templated":true}]}}