{"id":3109,"date":"2022-08-26T07:09:19","date_gmt":"2022-08-26T07:09:19","guid":{"rendered":"https:\/\/www.atrioliving.com\/?page_id=3109"},"modified":"2022-08-26T09:48:06","modified_gmt":"2022-08-26T09:48:06","slug":"blog","status":"publish","type":"page","link":"https:\/\/www.atrioliving.com\/es\/blog\/","title":{"rendered":"Blog"},"content":{"rendered":"<section class=\"wpb-content-wrapper\">\n    <div class=\"vc_row wpb_row vc_row-fluid blog_page_custom_class\">\n        \n<div class=\"wpb_column vc_column_container vc_col-sm-12\">\n    <div class=\"vc_column-inner\">\n        <div class=\"wpb_wrapper\">\n            \n<div class=\"vc_grid-container-wrapper vc_clearfix vc_grid-animation-fadeIn\">\n\t<div class=\"vc_grid-container vc_clearfix wpb_content_element vc_basic_grid blog_grid_style\" data-initial-loading-animation=\"fadeIn\" data-vc-grid-settings=\"{&quot;page_id&quot;:3109,&quot;style&quot;:&quot;load-more&quot;,&quot;action&quot;:&quot;vc_get_vc_grid_data&quot;,&quot;shortcode_id&quot;:&quot;1661507208427-1c4e55bd-2327-5&quot;,&quot;items_per_page&quot;:&quot;10&quot;,&quot;btn_data&quot;:{&quot;title&quot;:&quot;Load more&quot;,&quot;style&quot;:&quot;flat&quot;,&quot;gradient_color_1&quot;:&quot;&quot;,&quot;gradient_color_2&quot;:&quot;&quot;,&quot;gradient_custom_color_1&quot;:&quot;&quot;,&quot;gradient_custom_color_2&quot;:&quot;&quot;,&quot;gradient_text_color&quot;:&quot;&quot;,&quot;custom_background&quot;:&quot;#ededed&quot;,&quot;custom_text&quot;:&quot;#666&quot;,&quot;outline_custom_color&quot;:&quot;#666&quot;,&quot;outline_custom_hover_background&quot;:&quot;#666&quot;,&quot;outline_custom_hover_text&quot;:&quot;#fff&quot;,&quot;shape&quot;:&quot;rounded&quot;,&quot;color&quot;:&quot;blue&quot;,&quot;size&quot;:&quot;md&quot;,&quot;align&quot;:&quot;inline&quot;,&quot;button_block&quot;:&quot;&quot;,&quot;add_icon&quot;:&quot;&quot;,&quot;i_align&quot;:&quot;left&quot;,&quot;i_type&quot;:&quot;fontawesome&quot;,&quot;i_icon_fontawesome&quot;:&quot;fas fa-adjust&quot;,&quot;i_icon_openiconic&quot;:&quot;vc-oi vc-oi-dial&quot;,&quot;i_icon_typicons&quot;:&quot;typcn typcn-adjust-brightness&quot;,&quot;i_icon_entypo&quot;:&quot;entypo-icon entypo-icon-note&quot;,&quot;i_icon_linecons&quot;:&quot;vc_li vc_li-heart&quot;,&quot;i_icon_monosocial&quot;:&quot;&quot;,&quot;i_icon_material&quot;:&quot;&quot;,&quot;i_icon_pixelicons&quot;:&quot;vc_pixel_icon vc_pixel_icon-alert&quot;,&quot;el_id&quot;:&quot;&quot;,&quot;custom_onclick&quot;:&quot;&quot;,&quot;custom_onclick_code&quot;:&quot;&quot;},&quot;tag&quot;:&quot;vc_basic_grid&quot;}\" data-vc-request=\"https:\/\/www.atrioliving.com\/wp-admin\/admin-ajax.php\" data-vc-post-id=\"3109\" data-vc-public-nonce=\"329f085154\">\n\t\t<style data-type=\"vc_shortcodes-custom-css\">.vc_custom_1419240516480{background-color: #f9f9f9 !important;}<\/style><div class=\"vc_grid vc_row vc_grid-gutter-30px vc_pageable-wrapper vc_hook_hover\" data-vc-pageable-content=\"true\"><div class=\"vc_pageable-slide-wrapper vc_clearfix\" data-vc-grid-content=\"true\"><div class=\"vc_grid-item vc_clearfix vc_col-sm-4 vc_grid-item-zone-c-bottom\"><div class=\"vc_grid-item-mini vc_clearfix\"><div class=\"vc_gitem-animated-block\" ><div class=\"vc_gitem-zone vc_gitem-zone-a vc-gitem-zone-height-mode-auto vc-gitem-zone-height-mode-auto-1-1 vc_gitem-is-link\" style=\"background-image: url('https:\/\/www.atrioliving.com\/wp-content\/uploads\/2022\/08\/Apartment-Photo-1024x683.jpg') !important;\"><a href=\"https:\/\/www.atrioliving.com\/es\/the-convenience-and-beauty-of-renting-in-burbank-ca\/\" title=\"La comodidad y la belleza de alquilar en Burbank, California.\" class=\"vc_gitem-link vc-zone-link\" ><\/a><img decoding=\"async\" src=\"https:\/\/www.atrioliving.com\/wp-content\/uploads\/2022\/08\/Apartment-Photo-1024x683.jpg\" class=\"vc_gitem-zone-img\" alt=\"La comodidad y la belleza de alquilar en Burbank, California.\"><div class=\"vc_gitem-zone-mini\"><\/div><\/div><\/div><div class=\"vc_gitem-zone vc_gitem-zone-c vc_custom_1419240516480\"><div class=\"vc_gitem-zone-mini\"><div class=\"vc_gitem_row vc_row vc_gitem-row-position-top\"><div class=\"vc_col-sm-12 vc_gitem-col vc_gitem-col-align-\"><div class=\"vc_custom_heading vc_gitem-post-data vc_gitem-post-data-source-post_title\" ><h4 style=\"text-align: left\" >La comodidad y la belleza de alquilar en Burbank, California.<\/h4><\/div><div class=\"vc_custom_heading vc_gitem-post-data vc_gitem-post-data-source-post_excerpt\" ><p style=\"text-align: left\" ><p>La vida en Atrio, en Burbank (California), ofrece a sus residentes la oportunidad de disfrutar y experimentar una combinaci\u00f3n de sensaciones urbanas y suburbanas. La gran mayor\u00eda de los residentes de esta regi\u00f3n viven en casas alquiladas. Hay muchos parques, excelentes medios de transporte, restaurantes y cafeter\u00edas, y la mayor\u00eda de sus habitantes...<\/p>\n<\/p><\/div><div class=\"vc_btn3-container vc_btn3-left\"><a class=\"vc_general vc_btn3 vc_btn3-size-md vc_btn3-shape-rounded vc_btn3-style-flat vc_btn3-color-juicy-pink\" a href=\"https:\/\/www.atrioliving.com\/es\/the-convenience-and-beauty-of-renting-in-burbank-ca\/\" title=\"Read more\">Read more<\/a><\/div><\/div><\/div><\/div><\/div><\/div><div class=\"vc_clearfix\"><\/div><\/div><\/div><div class=\"vc_pageable-load-more-btn\" data-vc-grid-load-more-btn=\"true\"><div class=\"vc_btn3-container  vc_grid-btn-load_more vc_btn3-inline\"><a href=\"javascript:;\" class=\"vc_general vc_btn3 vc_btn3-size-md vc_btn3-shape-rounded vc_btn3-style-flat vc_btn3-color-blue\"  title=\"Cargar m\u00e1s\">Cargar m\u00e1s<\/a><\/div><\/div><\/div>\n\t<\/div>\n<\/div>        <\/div>\n    <\/div>\n<\/div>    <\/div>\n\n<\/section>","protected":false},"excerpt":{"rendered":"The Convenience and Beauty of Renting in Burbank, CA.Life in Atrio in Burbank, CA gives its residents a chance to catch a glimpse of and experience a combination of urban and suburban sensations. A vast majority of the residents in this region have rented homes. There are many parks, superb means of transport, restaurants, and ...","protected":false},"author":13,"featured_media":0,"parent":0,"menu_order":0,"comment_status":"closed","ping_status":"closed","template":"","meta":{"_acf_changed":false,"footnotes":""},"class_list":["post-3109","page","type-page","status-publish","hentry"],"acf":[],"yoast_head":"<!-- This site is optimized with the Yoast SEO plugin v27.5 - https:\/\/yoast.com\/product\/yoast-seo-wordpress\/ -->\n<title>Blog | Atrio<\/title>\n<meta name=\"robots\" content=\"index, follow, max-snippet:-1, max-image-preview:large, max-video-preview:-1\" \/>\n<link rel=\"canonical\" href=\"https:\/\/www.atrioliving.com\/es\/blog\/\" \/>\n<meta property=\"og:locale\" content=\"es_MX\" \/>\n<meta property=\"og:type\" content=\"article\" \/>\n<meta property=\"og:title\" content=\"Blog | Atrio\" \/>\n<meta property=\"og:url\" content=\"https:\/\/www.atrioliving.com\/es\/blog\/\" \/>\n<meta property=\"og:site_name\" content=\"Atrio\" \/>\n<meta property=\"article:modified_time\" content=\"2022-08-26T09:48:06+00:00\" \/>\n<meta name=\"twitter:card\" content=\"summary_large_image\" \/>\n<meta name=\"twitter:label1\" content=\"Est. reading time\" \/>\n\t<meta name=\"twitter:data1\" content=\"1 minuto\" \/>\n<script type=\"application\/ld+json\" class=\"yoast-schema-graph\">{\"@context\":\"https:\\\/\\\/schema.org\",\"@graph\":[{\"@type\":\"WebPage\",\"@id\":\"https:\\\/\\\/www.atrioliving.com\\\/blog\\\/\",\"url\":\"https:\\\/\\\/www.atrioliving.com\\\/blog\\\/\",\"name\":\"Blog | Atrio\",\"isPartOf\":{\"@id\":\"https:\\\/\\\/www.atrioliving.com\\\/#website\"},\"datePublished\":\"2022-08-26T07:09:19+00:00\",\"dateModified\":\"2022-08-26T09:48:06+00:00\",\"breadcrumb\":{\"@id\":\"https:\\\/\\\/www.atrioliving.com\\\/blog\\\/#breadcrumb\"},\"inLanguage\":\"es\",\"potentialAction\":[{\"@type\":\"ReadAction\",\"target\":[\"https:\\\/\\\/www.atrioliving.com\\\/blog\\\/\"]}]},{\"@type\":\"BreadcrumbList\",\"@id\":\"https:\\\/\\\/www.atrioliving.com\\\/blog\\\/#breadcrumb\",\"itemListElement\":[{\"@type\":\"ListItem\",\"position\":1,\"name\":\"Home\",\"item\":\"https:\\\/\\\/www.atrioliving.com\\\/\"},{\"@type\":\"ListItem\",\"position\":2,\"name\":\"Blog\"}]},{\"@type\":\"WebSite\",\"@id\":\"https:\\\/\\\/www.atrioliving.com\\\/#website\",\"url\":\"https:\\\/\\\/www.atrioliving.com\\\/\",\"name\":\"Atrio\",\"description\":\"\",\"publisher\":{\"@id\":\"https:\\\/\\\/www.atrioliving.com\\\/#organization\"},\"potentialAction\":[{\"@type\":\"SearchAction\",\"target\":{\"@type\":\"EntryPoint\",\"urlTemplate\":\"https:\\\/\\\/www.atrioliving.com\\\/?s={search_term_string}\"},\"query-input\":{\"@type\":\"PropertyValueSpecification\",\"valueRequired\":true,\"valueName\":\"search_term_string\"}}],\"inLanguage\":\"es\"},{\"@type\":\"Organization\",\"@id\":\"https:\\\/\\\/www.atrioliving.com\\\/#organization\",\"name\":\"Haven Apartments\",\"url\":\"https:\\\/\\\/www.atrioliving.com\\\/\",\"logo\":{\"@type\":\"ImageObject\",\"inLanguage\":\"es\",\"@id\":\"https:\\\/\\\/www.atrioliving.com\\\/#\\\/schema\\\/logo\\\/image\\\/\",\"url\":\"https:\\\/\\\/www.atrioliving.com\\\/wp-content\\\/uploads\\\/2021\\\/02\\\/logo-mobile.png\",\"contentUrl\":\"https:\\\/\\\/www.atrioliving.com\\\/wp-content\\\/uploads\\\/2021\\\/02\\\/logo-mobile.png\",\"width\":216,\"height\":71,\"caption\":\"Haven Apartments\"},\"image\":{\"@id\":\"https:\\\/\\\/www.atrioliving.com\\\/#\\\/schema\\\/logo\\\/image\\\/\"}}]}<\/script>\n<!-- \/ Yoast SEO plugin. -->","yoast_head_json":{"title":"Blog | Atrio","robots":{"index":"index","follow":"follow","max-snippet":"max-snippet:-1","max-image-preview":"max-image-preview:large","max-video-preview":"max-video-preview:-1"},"canonical":"https:\/\/www.atrioliving.com\/es\/blog\/","og_locale":"es_MX","og_type":"article","og_title":"Blog | Atrio","og_url":"https:\/\/www.atrioliving.com\/es\/blog\/","og_site_name":"Atrio","article_modified_time":"2022-08-26T09:48:06+00:00","twitter_card":"summary_large_image","twitter_misc":{"Est. reading time":"1 minuto"},"schema":{"@context":"https:\/\/schema.org","@graph":[{"@type":"WebPage","@id":"https:\/\/www.atrioliving.com\/blog\/","url":"https:\/\/www.atrioliving.com\/blog\/","name":"Blog | Atrio","isPartOf":{"@id":"https:\/\/www.atrioliving.com\/#website"},"datePublished":"2022-08-26T07:09:19+00:00","dateModified":"2022-08-26T09:48:06+00:00","breadcrumb":{"@id":"https:\/\/www.atrioliving.com\/blog\/#breadcrumb"},"inLanguage":"es","potentialAction":[{"@type":"ReadAction","target":["https:\/\/www.atrioliving.com\/blog\/"]}]},{"@type":"BreadcrumbList","@id":"https:\/\/www.atrioliving.com\/blog\/#breadcrumb","itemListElement":[{"@type":"ListItem","position":1,"name":"Home","item":"https:\/\/www.atrioliving.com\/"},{"@type":"ListItem","position":2,"name":"Blog"}]},{"@type":"WebSite","@id":"https:\/\/www.atrioliving.com\/#website","url":"https:\/\/www.atrioliving.com\/","name":"Atrio","description":"","publisher":{"@id":"https:\/\/www.atrioliving.com\/#organization"},"potentialAction":[{"@type":"SearchAction","target":{"@type":"EntryPoint","urlTemplate":"https:\/\/www.atrioliving.com\/?s={search_term_string}"},"query-input":{"@type":"PropertyValueSpecification","valueRequired":true,"valueName":"search_term_string"}}],"inLanguage":"es"},{"@type":"Organization","@id":"https:\/\/www.atrioliving.com\/#organization","name":"Apartamentos Haven","url":"https:\/\/www.atrioliving.com\/","logo":{"@type":"ImageObject","inLanguage":"es","@id":"https:\/\/www.atrioliving.com\/#\/schema\/logo\/image\/","url":"https:\/\/www.atrioliving.com\/wp-content\/uploads\/2021\/02\/logo-mobile.png","contentUrl":"https:\/\/www.atrioliving.com\/wp-content\/uploads\/2021\/02\/logo-mobile.png","width":216,"height":71,"caption":"Haven Apartments"},"image":{"@id":"https:\/\/www.atrioliving.com\/#\/schema\/logo\/image\/"}}]}},"_links":{"self":[{"href":"https:\/\/www.atrioliving.com\/es\/wp-json\/wp\/v2\/pages\/3109","targetHints":{"allow":["GET"]}}],"collection":[{"href":"https:\/\/www.atrioliving.com\/es\/wp-json\/wp\/v2\/pages"}],"about":[{"href":"https:\/\/www.atrioliving.com\/es\/wp-json\/wp\/v2\/types\/page"}],"author":[{"embeddable":true,"href":"https:\/\/www.atrioliving.com\/es\/wp-json\/wp\/v2\/users\/13"}],"replies":[{"embeddable":true,"href":"https:\/\/www.atrioliving.com\/es\/wp-json\/wp\/v2\/comments?post=3109"}],"version-history":[{"count":0,"href":"https:\/\/www.atrioliving.com\/es\/wp-json\/wp\/v2\/pages\/3109\/revisions"}],"wp:attachment":[{"href":"https:\/\/www.atrioliving.com\/es\/wp-json\/wp\/v2\/media?parent=3109"}],"curies":[{"name":"wp","href":"https:\/\/api.w.org\/{rel}","templated":true}]}}