{"id":3306,"date":"2024-01-10T16:15:45","date_gmt":"2024-01-10T16:15:45","guid":{"rendered":"https:\/\/www.atrioliving.com\/?page_id=3306"},"modified":"2024-01-10T16:21:24","modified_gmt":"2024-01-10T16:21:24","slug":"los-mejores-apartamentos-de-lujo-en-burbank-california","status":"publish","type":"page","link":"https:\/\/www.atrioliving.com\/es\/best-luxury-apartments-in-burbank-ca\/","title":{"rendered":"Centra tu estilo de vida en los mejores apartamentos de lujo en Burbank, California."},"content":{"rendered":"<p><span style=\"font-weight: 400;\"><img loading=\"lazy\" decoding=\"async\" class=\"aligncenter size-full wp-image-3307\" src=\"https:\/\/www.atrioliving.com\/wp-content\/uploads\/2024\/01\/Screenshot-2024-01-10-at-11.02.23-AM.png\" alt=\"Sala de estar | Atrio\" width=\"2168\" height=\"1410\" srcset=\"https:\/\/www.atrioliving.com\/wp-content\/uploads\/2024\/01\/Screenshot-2024-01-10-at-11.02.23-AM.png 2168w, https:\/\/www.atrioliving.com\/wp-content\/uploads\/2024\/01\/Screenshot-2024-01-10-at-11.02.23-AM-300x195.png 300w, https:\/\/www.atrioliving.com\/wp-content\/uploads\/2024\/01\/Screenshot-2024-01-10-at-11.02.23-AM-1024x666.png 1024w, https:\/\/www.atrioliving.com\/wp-content\/uploads\/2024\/01\/Screenshot-2024-01-10-at-11.02.23-AM-768x499.png 768w, https:\/\/www.atrioliving.com\/wp-content\/uploads\/2024\/01\/Screenshot-2024-01-10-at-11.02.23-AM-1536x999.png 1536w, https:\/\/www.atrioliving.com\/wp-content\/uploads\/2024\/01\/Screenshot-2024-01-10-at-11.02.23-AM-2048x1332.png 2048w, https:\/\/www.atrioliving.com\/wp-content\/uploads\/2024\/01\/Screenshot-2024-01-10-at-11.02.23-AM-500x325.png 500w\" sizes=\"auto, (max-width: 2168px) 100vw, 2168px\" \/>\u00bfEst\u00e1 buscando los mejores apartamentos de lujo en Burbank, CA? No busque m\u00e1s all\u00e1 de <\/span><a href=\"https:\/\/www.atrioliving.com\/es\/\"><b>Apartamentos Atrio Burbank<\/b><\/a><span style=\"font-weight: 400;\">\u00a1Nuestra comunidad ofrece un estilo de vida elegante y conveniente que no encontrar\u00e1 en ning\u00fan otro lugar! Ubicada en un vecindario vibrante, tendr\u00e1 acceso a restaurantes, tiendas y opciones de entretenimiento de primer nivel al alcance de su mano. Nuestros refrescantes planos de planta de una, dos, tres y cuatro habitaciones presentan dise\u00f1os modernos y elegantes que lo impresionar\u00e1n. Y con comodidades de primera l\u00ednea, como electrodom\u00e9sticos de \u00faltima generaci\u00f3n y un gimnasio y centro de bienestar en el lugar, tenemos todo lo que necesita para vivir su mejor vida. No espere m\u00e1s para experimentar el m\u00e1ximo lujo en la vida. <\/span><a href=\"https:\/\/www.atrioliving.com\/es\/\"><b>Vis\u00edtenos hoy<\/b><\/a><span style=\"font-weight: 400;\">!<\/span><\/p>\n<p>&nbsp;<\/p>\n<p><b>Dise\u00f1os pr\u00e1cticos con acabados de alta calidad.<\/b><\/p>\n<p><span style=\"font-weight: 400;\">La distribuci\u00f3n pr\u00e1ctica y los acabados de vanguardia se extienden por cada habitaci\u00f3n de su apartamento. Hemos renovado nuestro espacio abierto. <\/span><a href=\"https:\/\/www.atrioliving.com\/es\/plano-de-planta\/\"><b>planos de planta<\/b><\/a><span style=\"font-weight: 400;\"> con:\u00a0<\/span><\/p>\n<p>&nbsp;<\/p>\n<ul>\n<li style=\"font-weight: 400;\" aria-level=\"1\"><span style=\"font-weight: 400;\">Electrodom\u00e9sticos modernos<\/span><\/li>\n<li style=\"font-weight: 400;\" aria-level=\"1\"><span style=\"font-weight: 400;\">Suelos de tablones de imitaci\u00f3n madera de lujo<\/span><\/li>\n<li style=\"font-weight: 400;\" aria-level=\"1\"><span style=\"font-weight: 400;\">Lavadora y secadora de tama\u00f1o est\u00e1ndar dentro de la unidad.<\/span><\/li>\n<li style=\"font-weight: 400;\" aria-level=\"1\"><span style=\"font-weight: 400;\">Patio o balc\u00f3n privado<\/span><\/li>\n<\/ul>\n<p>&nbsp;<\/p>\n<p><b>Descubre tu paz interior en los apartamentos Atrio Burbank.<\/b><\/p>\n<p><span style=\"font-weight: 400;\">Como reflejo de tu estilo de vida y personalidad, nos centramos en un <\/span><a href=\"https:\/\/www.atrioliving.com\/es\/vecindario\/\"><b>una comunidad donde la comodidad y la emoci\u00f3n se combinan.<\/b><\/a><span style=\"font-weight: 400;\">. Aqu\u00ed podr\u00e1 disfrutar de un vecindario perfecto con todo lo que necesita, incluyendo restaurantes, entretenimiento y relajaci\u00f3n. Adem\u00e1s, estamos a pocos minutos del centro y de American at Brand.\u00a0\u00a0<\/span><\/p>\n<p>&nbsp;<\/p>\n<p><span style=\"font-weight: 400;\">Nuestro oasis contempor\u00e1neo le brinda lo que tanto necesita. <\/span><a href=\"https:\/\/www.atrioliving.com\/es\/comodidades\/\"><b>Ventajas para una experiencia de vida inmejorable.<\/b><\/a><span style=\"font-weight: 400;\">. Aproveche las diversas opciones para relajar su mente, cuerpo y alma, como una amplia piscina y spa estilo resort, gimnasio y centro de bienestar, y una zona de descanso con fogata al aire libre. \u00a1Tambi\u00e9n ofrecemos entretenimiento y relajaci\u00f3n en nuestro sal\u00f3n al aire libre, sala de cine para residentes, cocina para entretenimiento y un patio de juegos con cancha de bochas! <a href=\"https:\/\/www.atrioliving.com\/es\/\">\u00a1Programa una visita!\u00a0<\/a><\/span><\/p>\n<p>&nbsp;<\/p>\n<p><span style=\"font-weight: 400;\">Tambi\u00e9n queremos que vivir en nuestra comunidad sea lo m\u00e1s sencillo posible, por lo que:<\/span><\/p>\n<p>&nbsp;<\/p>\n<ul>\n<li style=\"font-weight: 400;\" aria-level=\"1\"><span style=\"font-weight: 400;\">Gesti\u00f3n in situ<\/span><\/li>\n<li style=\"font-weight: 400;\" aria-level=\"1\"><span style=\"font-weight: 400;\">Servicio de entrega de paquetes a domicilio.<\/span><\/li>\n<li style=\"font-weight: 400;\" aria-level=\"1\"><span style=\"font-weight: 400;\">Biblioteca\/Sala de coworking<\/span><\/li>\n<li style=\"font-weight: 400;\" aria-level=\"1\"><span style=\"font-weight: 400;\">Pago de facturas en l\u00ednea<\/span><\/li>\n<li style=\"font-weight: 400;\" aria-level=\"1\"><span style=\"font-weight: 400;\">Solicitudes de servicio en l\u00ednea<\/span><\/li>\n<\/ul>\n<p>&nbsp;<\/p>\n<p><b>Los mejores apartamentos de lujo en Burbank, California, es donde perteneces.<\/b><\/p>\n<p><span style=\"font-weight: 400;\">Ahora que ya sabes m\u00e1s sobre lo que te espera en los mejores apartamentos de la ciudad, est\u00e1 claro que Atrio es el lugar perfecto para ti. Echa un vistazo a nuestra <\/span><a href=\"https:\/\/www.atrioliving.com\/es\/galeria\/\"><b>galer\u00eda<\/b><\/a><span style=\"font-weight: 400;\"> de lo que podr\u00eda ser tuyo.<\/span><\/p>\n<p><span style=\"font-weight: 400;\">Nuestro personal profesional estar\u00e1 encantado de hablar con usted y responder a cualquier pregunta que pueda tener. <\/span><a href=\"https:\/\/www.atrioliving.com\/es\/\"><b>Cont\u00e1ctanos<\/b><\/a><span style=\"font-weight: 400;\"> Cont\u00e1ctanos hoy y cu\u00e9ntanos qu\u00e9 est\u00e1s buscando.<\/span><\/p>","protected":false},"excerpt":{"rendered":"<p>Are you searching for the best luxury apartments in Burbank, CA? Look no further than Atrio Burbank Apartments! Our community offers a stylish and convenient lifestyle you won&#8217;t find anywhere else. Nestled in a vibrant neighborhood, you&#8217;ll have access to top-tier dining, shopping, and entertainment options right at your fingertips. Our refreshing one, two, three, &#8230;<\/p>","protected":false},"author":16,"featured_media":3307,"parent":0,"menu_order":0,"comment_status":"closed","ping_status":"closed","template":"","meta":{"_acf_changed":false,"footnotes":""},"class_list":["post-3306","page","type-page","status-publish","has-post-thumbnail","hentry"],"acf":[],"yoast_head":"<!-- This site is optimized with the Yoast SEO plugin v27.5 - https:\/\/yoast.com\/product\/yoast-seo-wordpress\/ -->\n<title>Center Your Lifestyle In The Best Luxury Apartments In Burbank, CA | Atrio<\/title>\n<meta name=\"robots\" content=\"index, follow, max-snippet:-1, max-image-preview:large, max-video-preview:-1\" \/>\n<link rel=\"canonical\" href=\"https:\/\/www.atrioliving.com\/es\/los-mejores-apartamentos-de-lujo-en-burbank-california\/\" \/>\n<meta property=\"og:locale\" content=\"es_MX\" \/>\n<meta property=\"og:type\" content=\"article\" \/>\n<meta property=\"og:title\" content=\"Center Your Lifestyle In The Best Luxury Apartments In Burbank, CA | Atrio\" \/>\n<meta property=\"og:description\" content=\"Are you searching for the best luxury apartments in Burbank, CA? Look no further than Atrio Burbank Apartments! Our community offers a stylish and convenient lifestyle you won&#8217;t find anywhere else. Nestled in a vibrant neighborhood, you&#8217;ll have access to top-tier dining, shopping, and entertainment options right at your fingertips. Our refreshing one, two, three, ...\" \/>\n<meta property=\"og:url\" content=\"https:\/\/www.atrioliving.com\/es\/los-mejores-apartamentos-de-lujo-en-burbank-california\/\" \/>\n<meta property=\"og:site_name\" content=\"Atrio\" \/>\n<meta property=\"article:modified_time\" content=\"2024-01-10T16:21:24+00:00\" \/>\n<meta property=\"og:image\" content=\"https:\/\/www.atrioliving.com\/wp-content\/uploads\/2024\/01\/Screenshot-2024-01-10-at-11.02.23-AM-1024x666.png\" \/>\n\t<meta property=\"og:image:width\" content=\"1024\" \/>\n\t<meta property=\"og:image:height\" content=\"666\" \/>\n\t<meta property=\"og:image:type\" content=\"image\/png\" \/>\n<meta name=\"twitter:card\" content=\"summary_large_image\" \/>\n<meta name=\"twitter:label1\" content=\"Est. reading time\" \/>\n\t<meta name=\"twitter:data1\" content=\"2 minutos\" \/>\n<script type=\"application\/ld+json\" class=\"yoast-schema-graph\">{\"@context\":\"https:\\\/\\\/schema.org\",\"@graph\":[{\"@type\":\"WebPage\",\"@id\":\"https:\\\/\\\/www.atrioliving.com\\\/best-luxury-apartments-in-burbank-ca\\\/\",\"url\":\"https:\\\/\\\/www.atrioliving.com\\\/best-luxury-apartments-in-burbank-ca\\\/\",\"name\":\"Center Your Lifestyle In The Best Luxury Apartments In Burbank, CA | Atrio\",\"isPartOf\":{\"@id\":\"https:\\\/\\\/www.atrioliving.com\\\/#website\"},\"primaryImageOfPage\":{\"@id\":\"https:\\\/\\\/www.atrioliving.com\\\/best-luxury-apartments-in-burbank-ca\\\/#primaryimage\"},\"image\":{\"@id\":\"https:\\\/\\\/www.atrioliving.com\\\/best-luxury-apartments-in-burbank-ca\\\/#primaryimage\"},\"thumbnailUrl\":\"https:\\\/\\\/www.atrioliving.com\\\/wp-content\\\/uploads\\\/2024\\\/01\\\/Screenshot-2024-01-10-at-11.02.23-AM.png\",\"datePublished\":\"2024-01-10T16:15:45+00:00\",\"dateModified\":\"2024-01-10T16:21:24+00:00\",\"breadcrumb\":{\"@id\":\"https:\\\/\\\/www.atrioliving.com\\\/best-luxury-apartments-in-burbank-ca\\\/#breadcrumb\"},\"inLanguage\":\"es\",\"potentialAction\":[{\"@type\":\"ReadAction\",\"target\":[\"https:\\\/\\\/www.atrioliving.com\\\/best-luxury-apartments-in-burbank-ca\\\/\"]}]},{\"@type\":\"ImageObject\",\"inLanguage\":\"es\",\"@id\":\"https:\\\/\\\/www.atrioliving.com\\\/best-luxury-apartments-in-burbank-ca\\\/#primaryimage\",\"url\":\"https:\\\/\\\/www.atrioliving.com\\\/wp-content\\\/uploads\\\/2024\\\/01\\\/Screenshot-2024-01-10-at-11.02.23-AM.png\",\"contentUrl\":\"https:\\\/\\\/www.atrioliving.com\\\/wp-content\\\/uploads\\\/2024\\\/01\\\/Screenshot-2024-01-10-at-11.02.23-AM.png\",\"width\":2168,\"height\":1410,\"caption\":\"Living room | Atrio\"},{\"@type\":\"BreadcrumbList\",\"@id\":\"https:\\\/\\\/www.atrioliving.com\\\/best-luxury-apartments-in-burbank-ca\\\/#breadcrumb\",\"itemListElement\":[{\"@type\":\"ListItem\",\"position\":1,\"name\":\"Home\",\"item\":\"https:\\\/\\\/www.atrioliving.com\\\/\"},{\"@type\":\"ListItem\",\"position\":2,\"name\":\"Center Your Lifestyle In The Best Luxury Apartments In Burbank, CA\"}]},{\"@type\":\"WebSite\",\"@id\":\"https:\\\/\\\/www.atrioliving.com\\\/#website\",\"url\":\"https:\\\/\\\/www.atrioliving.com\\\/\",\"name\":\"Atrio\",\"description\":\"\",\"publisher\":{\"@id\":\"https:\\\/\\\/www.atrioliving.com\\\/#organization\"},\"potentialAction\":[{\"@type\":\"SearchAction\",\"target\":{\"@type\":\"EntryPoint\",\"urlTemplate\":\"https:\\\/\\\/www.atrioliving.com\\\/?s={search_term_string}\"},\"query-input\":{\"@type\":\"PropertyValueSpecification\",\"valueRequired\":true,\"valueName\":\"search_term_string\"}}],\"inLanguage\":\"es\"},{\"@type\":\"Organization\",\"@id\":\"https:\\\/\\\/www.atrioliving.com\\\/#organization\",\"name\":\"Haven Apartments\",\"url\":\"https:\\\/\\\/www.atrioliving.com\\\/\",\"logo\":{\"@type\":\"ImageObject\",\"inLanguage\":\"es\",\"@id\":\"https:\\\/\\\/www.atrioliving.com\\\/#\\\/schema\\\/logo\\\/image\\\/\",\"url\":\"https:\\\/\\\/www.atrioliving.com\\\/wp-content\\\/uploads\\\/2021\\\/02\\\/logo-mobile.png\",\"contentUrl\":\"https:\\\/\\\/www.atrioliving.com\\\/wp-content\\\/uploads\\\/2021\\\/02\\\/logo-mobile.png\",\"width\":216,\"height\":71,\"caption\":\"Haven Apartments\"},\"image\":{\"@id\":\"https:\\\/\\\/www.atrioliving.com\\\/#\\\/schema\\\/logo\\\/image\\\/\"}}]}<\/script>\n<!-- \/ Yoast SEO plugin. -->","yoast_head_json":{"title":"Centra tu estilo de vida en los mejores apartamentos de lujo en Burbank, CA | Atrio","robots":{"index":"index","follow":"follow","max-snippet":"max-snippet:-1","max-image-preview":"max-image-preview:large","max-video-preview":"max-video-preview:-1"},"canonical":"https:\/\/www.atrioliving.com\/es\/los-mejores-apartamentos-de-lujo-en-burbank-california\/","og_locale":"es_MX","og_type":"article","og_title":"Center Your Lifestyle In The Best Luxury Apartments In Burbank, CA | Atrio","og_description":"Are you searching for the best luxury apartments in Burbank, CA? Look no further than Atrio Burbank Apartments! Our community offers a stylish and convenient lifestyle you won&#8217;t find anywhere else. Nestled in a vibrant neighborhood, you&#8217;ll have access to top-tier dining, shopping, and entertainment options right at your fingertips. Our refreshing one, two, three, ...","og_url":"https:\/\/www.atrioliving.com\/es\/los-mejores-apartamentos-de-lujo-en-burbank-california\/","og_site_name":"Atrio","article_modified_time":"2024-01-10T16:21:24+00:00","og_image":[{"width":1024,"height":666,"url":"https:\/\/www.atrioliving.com\/wp-content\/uploads\/2024\/01\/Screenshot-2024-01-10-at-11.02.23-AM-1024x666.png","type":"image\/png"}],"twitter_card":"summary_large_image","twitter_misc":{"Est. reading time":"2 minutos"},"schema":{"@context":"https:\/\/schema.org","@graph":[{"@type":"WebPage","@id":"https:\/\/www.atrioliving.com\/best-luxury-apartments-in-burbank-ca\/","url":"https:\/\/www.atrioliving.com\/best-luxury-apartments-in-burbank-ca\/","name":"Centra tu estilo de vida en los mejores apartamentos de lujo en Burbank, CA | Atrio","isPartOf":{"@id":"https:\/\/www.atrioliving.com\/#website"},"primaryImageOfPage":{"@id":"https:\/\/www.atrioliving.com\/best-luxury-apartments-in-burbank-ca\/#primaryimage"},"image":{"@id":"https:\/\/www.atrioliving.com\/best-luxury-apartments-in-burbank-ca\/#primaryimage"},"thumbnailUrl":"https:\/\/www.atrioliving.com\/wp-content\/uploads\/2024\/01\/Screenshot-2024-01-10-at-11.02.23-AM.png","datePublished":"2024-01-10T16:15:45+00:00","dateModified":"2024-01-10T16:21:24+00:00","breadcrumb":{"@id":"https:\/\/www.atrioliving.com\/best-luxury-apartments-in-burbank-ca\/#breadcrumb"},"inLanguage":"es","potentialAction":[{"@type":"ReadAction","target":["https:\/\/www.atrioliving.com\/best-luxury-apartments-in-burbank-ca\/"]}]},{"@type":"ImageObject","inLanguage":"es","@id":"https:\/\/www.atrioliving.com\/best-luxury-apartments-in-burbank-ca\/#primaryimage","url":"https:\/\/www.atrioliving.com\/wp-content\/uploads\/2024\/01\/Screenshot-2024-01-10-at-11.02.23-AM.png","contentUrl":"https:\/\/www.atrioliving.com\/wp-content\/uploads\/2024\/01\/Screenshot-2024-01-10-at-11.02.23-AM.png","width":2168,"height":1410,"caption":"Living room | Atrio"},{"@type":"BreadcrumbList","@id":"https:\/\/www.atrioliving.com\/best-luxury-apartments-in-burbank-ca\/#breadcrumb","itemListElement":[{"@type":"ListItem","position":1,"name":"Home","item":"https:\/\/www.atrioliving.com\/"},{"@type":"ListItem","position":2,"name":"Center Your Lifestyle In The Best Luxury Apartments In Burbank, CA"}]},{"@type":"WebSite","@id":"https:\/\/www.atrioliving.com\/#website","url":"https:\/\/www.atrioliving.com\/","name":"Atrio","description":"","publisher":{"@id":"https:\/\/www.atrioliving.com\/#organization"},"potentialAction":[{"@type":"SearchAction","target":{"@type":"EntryPoint","urlTemplate":"https:\/\/www.atrioliving.com\/?s={search_term_string}"},"query-input":{"@type":"PropertyValueSpecification","valueRequired":true,"valueName":"search_term_string"}}],"inLanguage":"es"},{"@type":"Organization","@id":"https:\/\/www.atrioliving.com\/#organization","name":"Apartamentos Haven","url":"https:\/\/www.atrioliving.com\/","logo":{"@type":"ImageObject","inLanguage":"es","@id":"https:\/\/www.atrioliving.com\/#\/schema\/logo\/image\/","url":"https:\/\/www.atrioliving.com\/wp-content\/uploads\/2021\/02\/logo-mobile.png","contentUrl":"https:\/\/www.atrioliving.com\/wp-content\/uploads\/2021\/02\/logo-mobile.png","width":216,"height":71,"caption":"Haven Apartments"},"image":{"@id":"https:\/\/www.atrioliving.com\/#\/schema\/logo\/image\/"}}]}},"_links":{"self":[{"href":"https:\/\/www.atrioliving.com\/es\/wp-json\/wp\/v2\/pages\/3306","targetHints":{"allow":["GET"]}}],"collection":[{"href":"https:\/\/www.atrioliving.com\/es\/wp-json\/wp\/v2\/pages"}],"about":[{"href":"https:\/\/www.atrioliving.com\/es\/wp-json\/wp\/v2\/types\/page"}],"author":[{"embeddable":true,"href":"https:\/\/www.atrioliving.com\/es\/wp-json\/wp\/v2\/users\/16"}],"replies":[{"embeddable":true,"href":"https:\/\/www.atrioliving.com\/es\/wp-json\/wp\/v2\/comments?post=3306"}],"version-history":[{"count":0,"href":"https:\/\/www.atrioliving.com\/es\/wp-json\/wp\/v2\/pages\/3306\/revisions"}],"wp:featuredmedia":[{"embeddable":true,"href":"https:\/\/www.atrioliving.com\/es\/wp-json\/wp\/v2\/media\/3307"}],"wp:attachment":[{"href":"https:\/\/www.atrioliving.com\/es\/wp-json\/wp\/v2\/media?parent=3306"}],"curies":[{"name":"wp","href":"https:\/\/api.w.org\/{rel}","templated":true}]}}